{"id":134048,"date":"2022-08-31T09:31:53","date_gmt":"2022-08-31T07:31:53","guid":{"rendered":"https:\/\/zenkit.com\/%e6%95%b4%e5%90%88\/gmail\/"},"modified":"2025-11-04T06:53:17","modified_gmt":"2025-11-04T05:53:17","slug":"gmail-zenkit","status":"publish","type":"page","link":"https:\/\/zenkit.com\/zh-hant\/%e6%95%b4%e5%90%88\/gmail-zenkit\/","title":{"rendered":"Gmail"},"content":{"rendered":"\n<div style=\"height:45px;--tablet-height:45px;--mobile-height:16px\" class=\"wp-block-lookeen-blocks-responsive-spacer\"><\/div>\n\n\n\n<div class=\"wp-block-group has-global-padding is-layout-constrained wp-block-group-is-layout-constrained\">\n<div class=\"wp-block-columns is-layout-flex wp-container-core-columns-is-layout-467d341d wp-block-columns-is-layout-flex\" id=\"main__integrations\" style=\"margin-top:0px;margin-bottom:0px\">\n<div class=\"wp-block-column side__bar__integrations is-layout-flow wp-block-column-is-layout-flow\" style=\"flex-basis:23%\">\n<h2 class=\"wp-block-heading has-da-blue-color-new has-text-color has-link-color wp-elements-0b81981613adb85dcffe0c3f841481b7\" style=\"margin-top:0px;margin-bottom:0px;font-size:16px;line-height:1.5\">\u901a\u8a0a\u6574\u5408<\/h2>\n\n\n<nav class=\"is-vertical integrations__menu wp-block-navigation is-layout-flex wp-container-core-navigation-is-layout-5f9f5280 wp-block-navigation-is-layout-flex\" aria-label=\"cn-integrations-communication\"><ul class=\"wp-block-navigation__container  is-vertical integrations__menu wp-block-navigation\"><li class=\" wp-block-navigation-item wp-block-navigation-link\"><a class=\"wp-block-navigation-item__content\"  href=\"https:\/\/zenkit.com\/zh-hant\/%E6%95%B4%E5%90%88\/gmail-zenkit\/\"><span class=\"wp-block-navigation-item__label\">Gmail<\/span><\/a><\/li><li class=\" wp-block-navigation-item wp-block-navigation-link\"><a class=\"wp-block-navigation-item__content\"  href=\"https:\/\/zenkit.com\/zh-hant\/%E6%95%B4%E5%90%88\/microsoft-teams\/\"><span class=\"wp-block-navigation-item__label\">Microsoft Teams<\/span><\/a><\/li><li class=\" wp-block-navigation-item wp-block-navigation-link\"><a class=\"wp-block-navigation-item__content\"  href=\"https:\/\/zenkit.com\/zh-hant\/%E6%95%B4%E5%90%88\/slack-zenkit\/\"><span class=\"wp-block-navigation-item__label\">Slack<\/span><\/a><\/li><\/ul><\/nav><\/div>\n\n\n\n<div class=\"wp-block-column content__integrations is-layout-flow wp-block-column-is-layout-flow\" style=\"flex-basis:77%\">\n<div class=\"wp-block-group has-global-padding is-layout-constrained wp-block-group-is-layout-constrained\">\n<div class=\"wp-block-group title is-layout-flex wp-container-core-group-is-layout-ed4b00df wp-block-group-is-layout-flex\">\n<figure class=\"wp-block-image size-full is-resized\"><img loading=\"lazy\" decoding=\"async\" width=\"512\" height=\"512\" src=\"https:\/\/zenkit.com\/wp-content\/uploads\/2025\/07\/Gmail-logo.webp\" alt=\"\" class=\"wp-image-118272\" style=\"width:auto;height:46px\" srcset=\"https:\/\/zenkit.com\/wp-content\/uploads\/2025\/07\/Gmail-logo.webp 512w, https:\/\/zenkit.com\/wp-content\/uploads\/2025\/07\/Gmail-logo-300x300.webp 300w, https:\/\/zenkit.com\/wp-content\/uploads\/2025\/07\/Gmail-logo-150x150.webp 150w\" sizes=\"auto, (max-width: 512px) 100vw, 512px\" \/><\/figure>\n\n\n\n<h1 class=\"wp-block-heading\">Gmail\u8207Zenkit<\/h1>\n<\/div>\n\n\n\n<div class=\"wp-block-group has-global-padding is-layout-constrained wp-block-group-is-layout-constrained\">\n<p>\u9023\u63a5Zenkit\u8207Gmail\uff0c\u4ee5\u50b3\u9001Zenkit\u4e4b\u66f4\u65b0\u4e88\u4ed6\u4eba\u53ca\u81ea\u5df1\u3002<\/p>\n<\/div>\n<\/div>\n\n\n\n<div style=\"height:48px;--tablet-height:36px;--mobile-height:24px\" class=\"wp-block-lookeen-blocks-responsive-spacer\"><\/div>\n\n\n\n<div class=\"wp-block-group has-global-padding is-layout-constrained wp-block-group-is-layout-constrained\">\n<h3 class=\"wp-block-heading display-h2\">\u95dc\u65bcGmail \u6574\u5408<\/h3>\n\n\n\n<p>Zapier\u5c07Gmail\u8207Zenkit\u6574\u5408\uff0c\u4ee5\u4fbf\u60a8\u53ef\u81ea\u52d5\u5f9e\u90f5\u4ef6\u5275\u5efaZenkit items\u3001\u50b3\u9001\u901a\u77e5\u90f5\u4ef6\u7d66\u4ed6\u4eba\u6216\u81ea\u5df1\u7b49\u3002<\/p>\n<\/div>\n\n\n\n<div style=\"height:48px;--tablet-height:36px;--mobile-height:24px\" class=\"wp-block-lookeen-blocks-responsive-spacer\"><\/div>\n\n\n\n<div class=\"wp-block-group has-global-padding is-layout-constrained wp-block-group-is-layout-constrained\">\n<h3 class=\"wp-block-heading display-h2\">\u9023\u7d50Gmail\u8207Zenkit\u7684\u6b65\u9a5f<\/h3>\n\n\n\n<ol class=\"wp-block-list list__style__position-inside\">\n<li><a href=\"https:\/\/zapier.com\/sign-up\/\">\u6309\u6b64\u8a3b\u518a<\/a>Zapier\u5e33\u6236\uff0c\u4ee5\u53d6\u5f97\u5176\u5b58\u53d6\u6b0a\u3002<\/li>\n\n\n\n<li><a href=\"https:\/\/accounts.google.com\/signup\/v2\/webcreateaccount?hl=en&amp;flowName=GlifWebSignIn&amp;flowEntry=SignUp\">\u6309\u6b64\u8a3b\u518a<\/a>Google\u5e33\u6236\uff0c\u5df2\u53d6\u5f97Gmail\u4e4b\u5b58\u53d6\u6b0a\u3002<\/li>\n\n\n\n<li>\u767b\u5165Zapier\u4e26\u524d\u5f80<a href=\"https:\/\/zapier.com\/apps\/zenkit\/integrations\/gmail\">Zenkit + Gmail Zapbook<\/a>\u9801\u9762\u4ee5\u4f7f\u7528Zap\u6a21\u677f\u3002<\/li>\n\n\n\n<li>\u6216\u8005\u60a8\u4ea6\u53ef\u65bc\u5275\u5efaZap\u6642\uff0c\u81ea\u884c\u9078\u64c7Zenkit\u8207Gmail\u6574\u5408\u3002<\/li>\n<\/ol>\n<\/div>\n\n\n\n<div style=\"height:48px;--tablet-height:36px;--mobile-height:24px\" class=\"wp-block-lookeen-blocks-responsive-spacer\"><\/div>\n\n\n\n<div class=\"wp-block-group has-global-padding is-layout-constrained wp-block-group-is-layout-constrained\">\n<h3 class=\"wp-block-heading display-h2\">\u6574\u5408\u5efa\u8b70<\/h3>\n\n\n\n<script type=\"text\/javascript\" src=\"https:\/\/zapier.com\/zapbook\/embed\/widget.js?guided_zaps=15848\"><\/script>\n\n\n\n<div style=\"margin-top:0px;margin-bottom:0px;height:24px\" aria-hidden=\"true\" class=\"wp-block-spacer\"><\/div>\n\n\n\n<script type=\"text\/javascript\" src=\"https:\/\/zapier.com\/zapbook\/embed\/widget.js?guided_zaps=15714\"><\/script>\n<\/div>\n\n\n\n<div style=\"height:48px;--tablet-height:36px;--mobile-height:24px\" class=\"wp-block-lookeen-blocks-responsive-spacer\"><\/div>\n\n\n\n<div class=\"wp-block-group has-global-padding is-layout-constrained wp-block-group-is-layout-constrained\">\n<h3 class=\"wp-block-heading display-h2\">\u652f\u6301<\/h3>\n\n\n\n<p>\u6b64\u6574\u5408\u670d\u52d9\u7531Zapier\u63d0\u4f9b\u6280\u8853\u652f\u6301\u3002\u5982\u6709\u4efb\u4f55\u7591\u554f\uff0c<a href=\"https:\/\/zapier.com\/app\/contact-us\">\u8acb\u806f\u7e6bZapier\u5718\u968a<\/a>\u3002<br>\u6b32\u77e5\u66f4\u591a\u95dc\u65bc\u5982\u4f55\u900f\u904eZapier\u4f7f\u7528Zenkit\u7684\u8cc7\u8a0a\uff0c\u6b61\u8fce\u95b1\u8b80\u6b64<a href=\"https:\/\/zenkit.com\/documentation#\/lists\/HJQBQ1Hw\/sections\/SJYE55zA\/entries\/BJGOKQtA?_k=vtcwpj\">\u5c0e\u89bd<\/a>\u3002<\/p>\n<\/div>\n<\/div>\n<\/div>\n<\/div>\n\n\n\n<div style=\"height:110px;--tablet-height:60px;--mobile-height:48px\" class=\"wp-block-lookeen-blocks-responsive-spacer\"><\/div>\n","protected":false},"excerpt":{"rendered":"<p>\u901a\u8a0a\u6574\u5408 Gmail\u8207Zenkit \u9023\u63a5Zenkit\u8207Gmail\uff0c\u4ee5\u50b3\u9001Zenkit\u4e4b\u66f4\u65b0\u4e88\u4ed6\u4eba\u53ca\u81ea\u5df1\u3002 \u95dc\u65bc [&hellip;]<\/p>\n","protected":false},"author":15,"featured_media":0,"parent":131929,"menu_order":13,"comment_status":"closed","ping_status":"closed","template":"","meta":{"yasr_overall_rating":0,"yasr_post_is_review":"","yasr_auto_insert_disabled":"","yasr_review_type":"","footnotes":""},"class_list":["post-134048","page","type-page","status-publish","hentry"],"yoast_head":"<!-- This site is optimized with the Yoast SEO plugin v27.3 - https:\/\/yoast.com\/product\/yoast-seo-wordpress\/ -->\n<title>Zenkit Projects Gmail Integration<\/title>\n<meta name=\"description\" content=\"Sie m\u00f6chten \u00c4nderungen bez\u00fcglich Aufgaben direkt per E-mail an Ihre Teammitglieder senden? Erfahren Sie jetzt mehr \u00fcber die Zenkit und Gmail Integration.\" \/>\n<meta name=\"robots\" content=\"index, follow, max-snippet:-1, max-image-preview:large, max-video-preview:-1\" \/>\n<link rel=\"canonical\" href=\"https:\/\/zenkit.com\/zh-hant\/%e6%95%b4%e5%90%88\/gmail-zenkit\/\" \/>\n<meta property=\"og:locale\" content=\"zh_TW\" \/>\n<meta property=\"og:type\" content=\"article\" \/>\n<meta property=\"og:title\" content=\"Zenkit Projects Gmail Integration\" \/>\n<meta property=\"og:description\" content=\"Sie m\u00f6chten \u00c4nderungen bez\u00fcglich Aufgaben direkt per E-mail an Ihre Teammitglieder senden? Erfahren Sie jetzt mehr \u00fcber die Zenkit und Gmail Integration.\" \/>\n<meta property=\"og:url\" content=\"https:\/\/zenkit.com\/zh-hant\/%e6%95%b4%e5%90%88\/gmail-zenkit\/\" \/>\n<meta property=\"og:site_name\" content=\"Zenkit\" \/>\n<meta property=\"article:publisher\" content=\"https:\/\/www.facebook.com\/ZenkitHQ\" \/>\n<meta property=\"article:modified_time\" content=\"2025-11-04T05:53:17+00:00\" \/>\n<meta property=\"og:image\" content=\"https:\/\/zenkit.com\/wp-content\/uploads\/2025\/07\/Gmail-logo.webp\" \/>\n<meta name=\"twitter:card\" content=\"summary_large_image\" \/>\n<meta name=\"twitter:site\" content=\"@ZenkitHQ\" \/>\n<script type=\"application\/ld+json\" class=\"yoast-schema-graph\">{\"@context\":\"https:\\\/\\\/schema.org\",\"@graph\":[{\"@type\":\"WebPage\",\"@id\":\"https:\\\/\\\/zenkit.com\\\/zh-hant\\\/%e6%95%b4%e5%90%88\\\/gmail-zenkit\\\/\",\"url\":\"https:\\\/\\\/zenkit.com\\\/zh-hant\\\/%e6%95%b4%e5%90%88\\\/gmail-zenkit\\\/\",\"name\":\"Zenkit Projects Gmail Integration\",\"isPartOf\":{\"@id\":\"https:\\\/\\\/zenkit.com\\\/zh-hant\\\/#website\"},\"primaryImageOfPage\":{\"@id\":\"https:\\\/\\\/zenkit.com\\\/zh-hant\\\/%e6%95%b4%e5%90%88\\\/gmail-zenkit\\\/#primaryimage\"},\"image\":{\"@id\":\"https:\\\/\\\/zenkit.com\\\/zh-hant\\\/%e6%95%b4%e5%90%88\\\/gmail-zenkit\\\/#primaryimage\"},\"thumbnailUrl\":\"https:\\\/\\\/zenkit.com\\\/wp-content\\\/uploads\\\/2025\\\/07\\\/Gmail-logo.webp\",\"datePublished\":\"2022-08-31T07:31:53+00:00\",\"dateModified\":\"2025-11-04T05:53:17+00:00\",\"description\":\"Sie m\u00f6chten \u00c4nderungen bez\u00fcglich Aufgaben direkt per E-mail an Ihre Teammitglieder senden? Erfahren Sie jetzt mehr \u00fcber die Zenkit und Gmail Integration.\",\"breadcrumb\":{\"@id\":\"https:\\\/\\\/zenkit.com\\\/zh-hant\\\/%e6%95%b4%e5%90%88\\\/gmail-zenkit\\\/#breadcrumb\"},\"inLanguage\":\"zh-TW\",\"potentialAction\":[{\"@type\":\"ReadAction\",\"target\":[\"https:\\\/\\\/zenkit.com\\\/zh-hant\\\/%e6%95%b4%e5%90%88\\\/gmail-zenkit\\\/\"]}]},{\"@type\":\"ImageObject\",\"inLanguage\":\"zh-TW\",\"@id\":\"https:\\\/\\\/zenkit.com\\\/zh-hant\\\/%e6%95%b4%e5%90%88\\\/gmail-zenkit\\\/#primaryimage\",\"url\":\"https:\\\/\\\/zenkit.com\\\/wp-content\\\/uploads\\\/2025\\\/07\\\/Gmail-logo.webp\",\"contentUrl\":\"https:\\\/\\\/zenkit.com\\\/wp-content\\\/uploads\\\/2025\\\/07\\\/Gmail-logo.webp\"},{\"@type\":\"BreadcrumbList\",\"@id\":\"https:\\\/\\\/zenkit.com\\\/zh-hant\\\/%e6%95%b4%e5%90%88\\\/gmail-zenkit\\\/#breadcrumb\",\"itemListElement\":[{\"@type\":\"ListItem\",\"position\":1,\"name\":\"Home\",\"item\":\"https:\\\/\\\/zenkit.com\\\/zh-hant\\\/\"},{\"@type\":\"ListItem\",\"position\":2,\"name\":\"Integrations\",\"item\":\"https:\\\/\\\/zenkit.com\\\/zh-hant\\\/%e6%95%b4%e5%90%88\\\/\"},{\"@type\":\"ListItem\",\"position\":3,\"name\":\"Gmail\"}]},{\"@type\":\"WebSite\",\"@id\":\"https:\\\/\\\/zenkit.com\\\/zh-hant\\\/#website\",\"url\":\"https:\\\/\\\/zenkit.com\\\/zh-hant\\\/\",\"name\":\"Zenkit\",\"description\":\"Zenkit Tagline\",\"potentialAction\":[{\"@type\":\"SearchAction\",\"target\":{\"@type\":\"EntryPoint\",\"urlTemplate\":\"https:\\\/\\\/zenkit.com\\\/zh-hant\\\/?s={search_term_string}\"},\"query-input\":{\"@type\":\"PropertyValueSpecification\",\"valueRequired\":true,\"valueName\":\"search_term_string\"}}],\"inLanguage\":\"zh-TW\"},false]}<\/script>\n<!-- \/ Yoast SEO plugin. -->","yoast_head_json":{"title":"Zenkit Projects Gmail Integration","description":"Sie m\u00f6chten \u00c4nderungen bez\u00fcglich Aufgaben direkt per E-mail an Ihre Teammitglieder senden? Erfahren Sie jetzt mehr \u00fcber die Zenkit und Gmail Integration.","robots":{"index":"index","follow":"follow","max-snippet":"max-snippet:-1","max-image-preview":"max-image-preview:large","max-video-preview":"max-video-preview:-1"},"canonical":"https:\/\/zenkit.com\/zh-hant\/%e6%95%b4%e5%90%88\/gmail-zenkit\/","og_locale":"zh_TW","og_type":"article","og_title":"Zenkit Projects Gmail Integration","og_description":"Sie m\u00f6chten \u00c4nderungen bez\u00fcglich Aufgaben direkt per E-mail an Ihre Teammitglieder senden? Erfahren Sie jetzt mehr \u00fcber die Zenkit und Gmail Integration.","og_url":"https:\/\/zenkit.com\/zh-hant\/%e6%95%b4%e5%90%88\/gmail-zenkit\/","og_site_name":"Zenkit","article_publisher":"https:\/\/www.facebook.com\/ZenkitHQ","article_modified_time":"2025-11-04T05:53:17+00:00","og_image":[{"url":"https:\/\/zenkit.com\/wp-content\/uploads\/2025\/07\/Gmail-logo.webp","type":"","width":"","height":""}],"twitter_card":"summary_large_image","twitter_site":"@ZenkitHQ","schema":{"@context":"https:\/\/schema.org","@graph":[{"@type":"WebPage","@id":"https:\/\/zenkit.com\/zh-hant\/%e6%95%b4%e5%90%88\/gmail-zenkit\/","url":"https:\/\/zenkit.com\/zh-hant\/%e6%95%b4%e5%90%88\/gmail-zenkit\/","name":"Zenkit Projects Gmail Integration","isPartOf":{"@id":"https:\/\/zenkit.com\/zh-hant\/#website"},"primaryImageOfPage":{"@id":"https:\/\/zenkit.com\/zh-hant\/%e6%95%b4%e5%90%88\/gmail-zenkit\/#primaryimage"},"image":{"@id":"https:\/\/zenkit.com\/zh-hant\/%e6%95%b4%e5%90%88\/gmail-zenkit\/#primaryimage"},"thumbnailUrl":"https:\/\/zenkit.com\/wp-content\/uploads\/2025\/07\/Gmail-logo.webp","datePublished":"2022-08-31T07:31:53+00:00","dateModified":"2025-11-04T05:53:17+00:00","description":"Sie m\u00f6chten \u00c4nderungen bez\u00fcglich Aufgaben direkt per E-mail an Ihre Teammitglieder senden? Erfahren Sie jetzt mehr \u00fcber die Zenkit und Gmail Integration.","breadcrumb":{"@id":"https:\/\/zenkit.com\/zh-hant\/%e6%95%b4%e5%90%88\/gmail-zenkit\/#breadcrumb"},"inLanguage":"zh-TW","potentialAction":[{"@type":"ReadAction","target":["https:\/\/zenkit.com\/zh-hant\/%e6%95%b4%e5%90%88\/gmail-zenkit\/"]}]},{"@type":"ImageObject","inLanguage":"zh-TW","@id":"https:\/\/zenkit.com\/zh-hant\/%e6%95%b4%e5%90%88\/gmail-zenkit\/#primaryimage","url":"https:\/\/zenkit.com\/wp-content\/uploads\/2025\/07\/Gmail-logo.webp","contentUrl":"https:\/\/zenkit.com\/wp-content\/uploads\/2025\/07\/Gmail-logo.webp"},{"@type":"BreadcrumbList","@id":"https:\/\/zenkit.com\/zh-hant\/%e6%95%b4%e5%90%88\/gmail-zenkit\/#breadcrumb","itemListElement":[{"@type":"ListItem","position":1,"name":"Home","item":"https:\/\/zenkit.com\/zh-hant\/"},{"@type":"ListItem","position":2,"name":"Integrations","item":"https:\/\/zenkit.com\/zh-hant\/%e6%95%b4%e5%90%88\/"},{"@type":"ListItem","position":3,"name":"Gmail"}]},{"@type":"WebSite","@id":"https:\/\/zenkit.com\/zh-hant\/#website","url":"https:\/\/zenkit.com\/zh-hant\/","name":"Zenkit","description":"Zenkit Tagline","potentialAction":[{"@type":"SearchAction","target":{"@type":"EntryPoint","urlTemplate":"https:\/\/zenkit.com\/zh-hant\/?s={search_term_string}"},"query-input":{"@type":"PropertyValueSpecification","valueRequired":true,"valueName":"search_term_string"}}],"inLanguage":"zh-TW"},false]}},"yasr_visitor_votes":{"stars_attributes":{"read_only":false,"span_bottom":false},"number_of_votes":0,"sum_votes":0},"_links":{"self":[{"href":"https:\/\/zenkit.com\/zh-hant\/wp-json\/wp\/v2\/pages\/134048","targetHints":{"allow":["GET"]}}],"collection":[{"href":"https:\/\/zenkit.com\/zh-hant\/wp-json\/wp\/v2\/pages"}],"about":[{"href":"https:\/\/zenkit.com\/zh-hant\/wp-json\/wp\/v2\/types\/page"}],"author":[{"embeddable":true,"href":"https:\/\/zenkit.com\/zh-hant\/wp-json\/wp\/v2\/users\/15"}],"replies":[{"embeddable":true,"href":"https:\/\/zenkit.com\/zh-hant\/wp-json\/wp\/v2\/comments?post=134048"}],"version-history":[{"count":3,"href":"https:\/\/zenkit.com\/zh-hant\/wp-json\/wp\/v2\/pages\/134048\/revisions"}],"predecessor-version":[{"id":139694,"href":"https:\/\/zenkit.com\/zh-hant\/wp-json\/wp\/v2\/pages\/134048\/revisions\/139694"}],"up":[{"embeddable":true,"href":"https:\/\/zenkit.com\/zh-hant\/wp-json\/wp\/v2\/pages\/131929"}],"wp:attachment":[{"href":"https:\/\/zenkit.com\/zh-hant\/wp-json\/wp\/v2\/media?parent=134048"}],"curies":[{"name":"wp","href":"https:\/\/api.w.org\/{rel}","templated":true}]}}