{"id":134106,"date":"2023-01-25T16:16:38","date_gmt":"2023-01-25T15:16:38","guid":{"rendered":"https:\/\/zenkit.com\/%e6%95%b4%e5%90%88\/seamless-ai\/"},"modified":"2025-11-04T06:53:17","modified_gmt":"2025-11-04T05:53:17","slug":"seamless-ai","status":"publish","type":"page","link":"https:\/\/zenkit.com\/zh-hant\/%e6%95%b4%e5%90%88\/seamless-ai\/","title":{"rendered":"Seamless.AI"},"content":{"rendered":"\n<div style=\"height:45px;--tablet-height:45px;--mobile-height:16px\" class=\"wp-block-lookeen-blocks-responsive-spacer\"><\/div>\n\n\n\n<div class=\"wp-block-group has-global-padding is-layout-constrained wp-block-group-is-layout-constrained\">\n<div class=\"wp-block-columns is-layout-flex wp-container-core-columns-is-layout-467d341d wp-block-columns-is-layout-flex\" id=\"main__integrations\" style=\"margin-top:0px;margin-bottom:0px\">\n<div class=\"wp-block-column side__bar__integrations is-layout-flow wp-block-column-is-layout-flow\" style=\"flex-basis:23%\">\n<h2 class=\"wp-block-heading has-da-blue-color-new has-text-color has-link-color wp-elements-d4a26a37525751e408a4751698629048\" style=\"margin-top:0px;margin-bottom:0px;font-size:16px;line-height:1.5\">\u8425\u9500\u81ea\u52a8\u5316\u6574\u5408<\/h2>\n\n\n<nav class=\"is-vertical integrations__menu wp-block-navigation is-layout-flex wp-container-core-navigation-is-layout-5f9f5280 wp-block-navigation-is-layout-flex\" aria-label=\"cn-integrations-marketing-automation\"><ul class=\"wp-block-navigation__container  is-vertical integrations__menu wp-block-navigation\"><li class=\" wp-block-navigation-item wp-block-navigation-link\"><a class=\"wp-block-navigation-item__content\"  href=\"https:\/\/zenkit.com\/zh-hant\/%E6%95%B4%E5%90%88\/activecampaign\/\"><span class=\"wp-block-navigation-item__label\">ActiveCampaign<\/span><\/a><\/li><li class=\" wp-block-navigation-item wp-block-navigation-link\"><a class=\"wp-block-navigation-item__content\"  href=\"https:\/\/zenkit.com\/zh-hant\/%E6%95%B4%E5%90%88\/better-proposals\/\"><span class=\"wp-block-navigation-item__label\">Better Proposals<\/span><\/a><\/li><li class=\" wp-block-navigation-item wp-block-navigation-link\"><a class=\"wp-block-navigation-item__content\"  href=\"https:\/\/zenkit.com\/zh-hant\/%E6%95%B4%E5%90%88\/leadboxer\/\"><span class=\"wp-block-navigation-item__label\">LeadBoxer<\/span><\/a><\/li><li class=\" wp-block-navigation-item wp-block-navigation-link\"><a class=\"wp-block-navigation-item__content\"  href=\"https:\/\/zenkit.com\/zh-hant\/%E6%95%B4%E5%90%88\/mailjet\/\"><span class=\"wp-block-navigation-item__label\">Mailjet<\/span><\/a><\/li><li class=\" wp-block-navigation-item wp-block-navigation-link\"><a class=\"wp-block-navigation-item__content\"  href=\"https:\/\/zenkit.com\/zh-hant\/%E6%95%B4%E5%90%88\/moosend\/\"><span class=\"wp-block-navigation-item__label\">Moosend<\/span><\/a><\/li><li class=\" wp-block-navigation-item wp-block-navigation-link\"><a class=\"wp-block-navigation-item__content\"  href=\"https:\/\/zenkit.com\/zh-hant\/%E6%95%B4%E5%90%88\/openai\/\"><span class=\"wp-block-navigation-item__label\">OpenAI<\/span><\/a><\/li><li class=\" wp-block-navigation-item wp-block-navigation-link\"><a class=\"wp-block-navigation-item__content\"  href=\"https:\/\/zenkit.com\/zh-hant\/%E6%95%B4%E5%90%88\/parseur\/\"><span class=\"wp-block-navigation-item__label\">Parseur<\/span><\/a><\/li><li class=\" wp-block-navigation-item wp-block-navigation-link\"><a class=\"wp-block-navigation-item__content\"  href=\"https:\/\/zenkit.com\/zh-hant\/%E6%95%B4%E5%90%88\/sakari-sms\/\"><span class=\"wp-block-navigation-item__label\">Sakari SMS<\/span><\/a><\/li><li class=\" wp-block-navigation-item wp-block-navigation-link\"><a class=\"wp-block-navigation-item__content\"  href=\"https:\/\/zenkit.com\/zh-hant\/%E6%95%B4%E5%90%88\/sendinblue\/\"><span class=\"wp-block-navigation-item__label\">SendinBlue<\/span><\/a><\/li><li class=\" wp-block-navigation-item wp-block-navigation-link\"><a class=\"wp-block-navigation-item__content\"  href=\"https:\/\/zenkit.com\/zh-hant\/%E6%95%B4%E5%90%88\/sharpspring-zenkit\/\"><span class=\"wp-block-navigation-item__label\">SharpSpring<\/span><\/a><\/li><li class=\" wp-block-navigation-item wp-block-navigation-link\"><a class=\"wp-block-navigation-item__content\"  href=\"https:\/\/zenkit.com\/zh-hant\/%E6%95%B4%E5%90%88\/simpletexting\/\"><span class=\"wp-block-navigation-item__label\">SimpleTexting<\/span><\/a><\/li><li class=\" wp-block-navigation-item wp-block-navigation-link\"><a class=\"wp-block-navigation-item__content\"  href=\"https:\/\/zenkit.com\/zh-hant\/%E6%95%B4%E5%90%88\/smsapi\/\"><span class=\"wp-block-navigation-item__label\">SMSAPI<\/span><\/a><\/li><li class=\" wp-block-navigation-item wp-block-navigation-link\"><a class=\"wp-block-navigation-item__content\"  href=\"https:\/\/zenkit.com\/zh-hant\/%E6%95%B4%E5%90%88\/smsfactor\/\"><span class=\"wp-block-navigation-item__label\">SMSFactor<\/span><\/a><\/li><li class=\" wp-block-navigation-item wp-block-navigation-link\"><a class=\"wp-block-navigation-item__content\"  href=\"https:\/\/zenkit.com\/zh-hant\/%E6%95%B4%E5%90%88\/storychief\/\"><span class=\"wp-block-navigation-item__label\">StoryChief<\/span><\/a><\/li><li class=\" wp-block-navigation-item wp-block-navigation-link\"><a class=\"wp-block-navigation-item__content\"  href=\"https:\/\/zenkit.com\/zh-hant\/%E6%95%B4%E5%90%88\/thankster\/\"><span class=\"wp-block-navigation-item__label\">Thankster<\/span><\/a><\/li><li class=\" wp-block-navigation-item wp-block-navigation-link\"><a class=\"wp-block-navigation-item__content\"  href=\"https:\/\/zenkit.com\/zh-hant\/%E6%95%B4%E5%90%88\/whatconverts\/\"><span class=\"wp-block-navigation-item__label\">WhatConverts<\/span><\/a><\/li><\/ul><\/nav><\/div>\n\n\n\n<div class=\"wp-block-column content__integrations is-layout-flow wp-block-column-is-layout-flow\" style=\"flex-basis:77%\">\n<div class=\"wp-block-group has-global-padding is-layout-constrained wp-block-group-is-layout-constrained\">\n<div class=\"wp-block-group title is-layout-flex wp-container-core-group-is-layout-ed4b00df wp-block-group-is-layout-flex\">\n<figure class=\"wp-block-image size-full is-resized\"><img loading=\"lazy\" decoding=\"async\" width=\"555\" height=\"694\" src=\"https:\/\/zenkit.com\/wp-content\/uploads\/2025\/07\/Seamless-AI-LOGO-1.webp\" alt=\"Seamless.AI Logo\" class=\"wp-image-118703\" style=\"width:auto;height:46px\" srcset=\"https:\/\/zenkit.com\/wp-content\/uploads\/2025\/07\/Seamless-AI-LOGO-1.webp 555w, https:\/\/zenkit.com\/wp-content\/uploads\/2025\/07\/Seamless-AI-LOGO-1-240x300.webp 240w\" sizes=\"auto, (max-width: 555px) 100vw, 555px\" \/><\/figure>\n\n\n\n<h1 class=\"wp-block-heading\">Seamless.AI \u8207 Zenkit<\/h1>\n<\/div>\n\n\n\n<div class=\"wp-block-group has-global-padding is-layout-constrained wp-block-group-is-layout-constrained\">\n<p>\u5c07 Seamless.AI \u8207 Zenkit \u6574\u5408\u53ef\u63d0\u4f9b\u5f37\u5927\u7684\u89e3\u6c7a\u65b9\u6848\uff0c\u4f7f\u60a8\u80fd\u5920\u7c21\u5316\u5de5\u4f5c\u6d41\u7a0b\u3001\u63d0\u5347\u751f\u7522\u529b\u4e26\u4fdd\u6301\u826f\u597d\u7d44\u7e54\u7684\u6578\u64da\u5eab\u3002\u501f\u52a9 Seamless.AI \u7684\u5148\u9032\u6578\u64da\u529f\u80fd\u8207 Zenkit \u7684\u591a\u529f\u80fd\u5c08\u6848\u7ba1\u7406\u8207\u5354\u4f5c\u5de5\u5177\uff0c\u60a8\u53ef\u4ee5\u63a1\u53d6\u5168\u9762\u7684\u65b9\u6cd5\u4f86\u7ba1\u7406\u806f\u7d61\u4eba\u548c\u5c08\u6848\uff0c\u6700\u7d42\u63a8\u52d5\u696d\u52d9\u6210\u529f\u3002<\/p>\n<\/div>\n<\/div>\n\n\n\n<div style=\"height:48px;--tablet-height:36px;--mobile-height:24px\" class=\"wp-block-lookeen-blocks-responsive-spacer\"><\/div>\n\n\n\n<div class=\"wp-block-group has-global-padding is-layout-constrained wp-block-group-is-layout-constrained\">\n<h3 class=\"wp-block-heading display-h2\">\u95dc\u65bc Seamless.AI<\/h3>\n\n\n\n<p>Seamless.AI \u662f\u4e00\u500b\u5373\u6642\u5e73\u53f0\uff0c\u65e8\u5728\u5e6b\u52a9 B2B \u4f01\u696d\u5c0b\u627e\u53ef\u9760\u7684\u6f5b\u5728\u5ba2\u6236\u548c\u516c\u53f8\u8cc7\u8a0a\uff0c\u5305\u62ec\u96fb\u8a71\u865f\u78bc\u548c\u96fb\u5b50\u90f5\u4ef6\uff0c\u4e26\u5177\u6709\u9ad8\u6e96\u78ba\u6027\u3002\u5176\u7814\u7a76\u548c\u6578\u64da\u9a57\u8b49\u904e\u7a0b\u7d50\u5408\u4e86 AI \u548c\u6a5f\u5668\u5b78\u7fd2\u6280\u8853\uff0c\u78ba\u4fdd\u6578\u64da\u6e90\u7684\u5373\u6642\u66f4\u65b0\u548c\u53ef\u9760\u6027\u3002\u60a8\u9084\u53ef\u4ee5\u6307\u5b9a\u76ee\u6a19\u5ba2\u6236\u7684\u6a19\u6e96\uff0c\u6839\u64da\u884c\u696d\u548c\u9700\u6c42\u627e\u5230\u5408\u9069\u7684\u5339\u914d\u5c0d\u8c61\u3002<\/p>\n<\/div>\n\n\n\n<div style=\"height:48px;--tablet-height:36px;--mobile-height:24px\" class=\"wp-block-lookeen-blocks-responsive-spacer\"><\/div>\n\n\n\n<div class=\"wp-block-group has-global-padding is-layout-constrained wp-block-group-is-layout-constrained\">\n<h3 class=\"wp-block-heading display-h2\">\u95dc\u65bc Zenkit<\/h3>\n\n\n\n<p><a href=\"https:\/\/zenkit.com\/\">Zenkit<\/a>&nbsp;\u662f\u5c08\u70ba\u5c08\u6848\u7ba1\u7406\u548c\u5354\u4f5c\u8a2d\u8a08\u7684\u7d9c\u5408\u7db2\u9801\u5e73\u53f0\uff0c\u4f7f\u7d44\u7e54\u80fd\u5920\u7cbe\u7c21\u5de5\u4f5c\u6d41\u7a0b\u3001\u7ba1\u7406\u4efb\u52d9\u4e26\u63d0\u9ad8\u5718\u968a\u751f\u7522\u529b\u3002Zenkit \u63d0\u4f9b\u652f\u6301\u5404\u7a2e\u5c08\u6848\u7ba1\u7406\u65b9\u6cd5\u7684\u9748\u6d3b\u74b0\u5883\uff0c\u5305\u62ec\u770b\u677f\u3001\u7518\u7279\u5716\u548c\u884c\u4e8b\u66c6\u700f\u89bd\u6a21\u5f0f\uff0c\u8b93\u5718\u968a\u53ef\u4ee5\u81ea\u8a02\u5de5\u4f5c\u6d41\u7a0b\u4ee5\u6eff\u8db3\u5176\u7279\u5b9a\u9700\u6c42\u3002<\/p>\n\n\n\n<p>\u5177\u6709\u4efb\u52d9\u6307\u6d3e\u3001\u5373\u6642\u5354\u4f5c\u548c\u6587\u4ef6\u5171\u4eab\u7b49\u5f37\u5927\u529f\u80fd\uff0cZenkit \u63d0\u4f9b\u5b8c\u6210\u5c08\u6848\u6240\u9700\u7684\u4e00\u5207\uff0c\u4ee5\u78ba\u4fdd\u5c08\u6848\u9ad8\u6548\u6309\u6642\u5b8c\u6210\u3002\u5176\u4f7f\u7528\u8005\u53cb\u5584\u7684\u754c\u9762\u548c\u5ee3\u6cdb\u7684\u529f\u80fd\u4f7f\u5176\u6210\u70ba\u4f01\u696d\u512a\u5316\u5c08\u6848\u7ba1\u7406\u6d41\u7a0b\u7684\u7406\u60f3\u9078\u64c7\u3002&nbsp;<a href=\"https:\/\/app.zenkit.com\/register\">\u5efa\u7acb\u60a8\u7684\u514d\u8cbb\u5e33\u6236\u5427<\/a>!<\/p>\n<\/div>\n\n\n\n<div style=\"height:48px;--tablet-height:36px;--mobile-height:24px\" class=\"wp-block-lookeen-blocks-responsive-spacer\"><\/div>\n\n\n\n<div class=\"wp-block-group has-global-padding is-layout-constrained wp-block-group-is-layout-constrained\">\n<h3 class=\"wp-block-heading display-h2\">\u9023\u7d50 Seamless.AI \u548c Zenkit<\/h3>\n\n\n\n<ol class=\"wp-block-list list__style__position-inside\">\n<li><a href=\"https:\/\/zapier.com\/sign-up\/\" target=\"_blank\" rel=\"noreferrer noopener\">\u8a3b\u518a<\/a>\u4e00\u500b Zapier \u5e33\u6236\u4ee5\u4fbf\u4f7f\u7528 Zapier\u3002<\/li>\n\n\n\n<li>\u5728 Seamless.AI \u4e0a<a href=\"https:\/\/login.seamless.ai\/register\">\u5efa\u7acb\u5e33\u6236\u3002<\/a><\/li>\n\n\n\n<li>\u767b\u5165 Zapier \u4e26\u524d\u5f80&nbsp;<a href=\"https:\/\/zapier.com\/apps\/seamless-ai\/integrations\/zenkit\" target=\"_blank\" rel=\"noreferrer noopener\">Zenkit + Seamless.AI \u7684 Zapbook<\/a>\uff0c\u627e\u5230 Zap \u6a21\u677f\u3002<\/li>\n\n\n\n<li>\u6216\u9078\u64c7\u5728\u5efa\u7acb Zap \u6642\u9078\u53d6 Zenkit \u548c Seamless.AI \u4ee5\u5efa\u7acb\u81ea\u5df1\u7684\u6574\u5408\u3002<\/li>\n<\/ol>\n<\/div>\n\n\n\n<div style=\"height:48px;--tablet-height:36px;--mobile-height:24px\" class=\"wp-block-lookeen-blocks-responsive-spacer\"><\/div>\n\n\n\n<div class=\"wp-block-group has-global-padding is-layout-constrained wp-block-group-is-layout-constrained\">\n<h3 class=\"wp-block-heading display-h2\">\u8ab0\u6703\u53d7\u76ca\u65bc Seamless.AI \u548c Zenkit \u7684\u6574\u5408\uff1f<\/h3>\n\n\n\n<ul class=\"wp-block-list is-style-da-left-indent\">\n<li><strong>\u5e0c\u671b\u6539\u5584\u6f5b\u5728\u5ba2\u6236\u751f\u6210\u548c\u7ba1\u7406\u7684\u92b7\u552e\u5718\u968a:<\/strong>&nbsp;\u901a\u904e\u5c07 Seamless.AI \u8207 Zenkit \u6574\u5408\uff0c\u92b7\u552e\u5718\u968a\u53ef\u4ee5\u81ea\u52d5\u5f9e\u5404\u7a2e\u4f86\u6e90\u6355\u7372\u548c\u7d44\u7e54\u6f5b\u5728\u5ba2\u6236\uff0c\u78ba\u4fdd\u5f9e\u5ba2\u6236\u7372\u53d6\u5230\u66f4\u6d41\u66a2\u7684\u5de5\u4f5c\u6d41\u7a0b\u4ee5\u4fbf\u5f8c\u7e8c\u8ddf\u9032\uff0c\u6700\u7d42\u63d0\u9ad8\u6548\u7387\u548c\u8f49\u5316\u7387\u3002<\/li>\n\n\n\n<li><strong>\u5e0c\u671b\u589e\u5f37\u5354\u4f5c\u548c\u4efb\u52d9\u8ffd\u8ffd\u8e64\u7684\u5c08\u6848\u7d93\u7406:<\/strong>&nbsp;\u5c08\u6848\u7d93\u7406\u53ef\u4ee5\u5728\u7d71\u4e00\u7684\u5e73\u53f0\u4e0a\u8ffd\u8e64\u5c08\u6848\u9032\u5ea6\u548c\u5718\u968a\u6e9d\u901a\uff0c\u5f9e\u800c\u66f4\u597d\u5730\u5354\u8abf\u4e26\u53ca\u6642\u5b8c\u6210\u4efb\u52d9\uff0c\u63d0\u5347\u6574\u9ad4\u5c08\u6848\u7ba1\u7406\u548c\u6210\u679c\u3002<\/li>\n<\/ul>\n<\/div>\n\n\n\n<div style=\"height:48px;--tablet-height:36px;--mobile-height:24px\" class=\"wp-block-lookeen-blocks-responsive-spacer\"><\/div>\n\n\n\n<div class=\"wp-block-group has-global-padding is-layout-constrained wp-block-group-is-layout-constrained\">\n<h3 class=\"wp-block-heading display-h2\">\u984d\u5916\u6574\u5408\u8a73\u60c5<\/h3>\n\n\n\n<ul class=\"wp-block-list\">\n<li>Zapier \u652f\u63f4\uff1a\u5982\u9047\u4efb\u4f55\u554f\u984c\uff0c\u8acb\u806f\u7e6b&nbsp;<a href=\"https:\/\/zapier.com\/app\/get-help\">Zapier \u652f\u63f4\u3002<\/a><\/li>\n\n\n\n<li>\u5982\u9700\u4e86\u89e3\u5982\u4f55\u4f7f\u7528 Zapier \u8207 Zenkit\uff0c\u8acb\u53c3\u95b1\u6211\u5011\u7684<a href=\"https:\/\/help.zenkit.com\/en\/support\/solutions\/articles\/43000590360-integrating-other-apps-into-zenkit-using-zapier\">\u8aaa\u660e\u6587\u4ef6<\/a>\u3002<\/li>\n<\/ul>\n<\/div>\n<\/div>\n<\/div>\n<\/div>\n\n\n\n<div style=\"height:110px;--tablet-height:60px;--mobile-height:48px\" class=\"wp-block-lookeen-blocks-responsive-spacer\"><\/div>\n","protected":false},"excerpt":{"rendered":"<p>\u8425\u9500\u81ea\u52a8\u5316\u6574\u5408 Seamless.AI \u8207 Zenkit \u5c07 Seamless.AI \u8207 Zenkit \u6574\u5408\u53ef [&hellip;]<\/p>\n","protected":false},"author":15,"featured_media":0,"parent":131929,"menu_order":21,"comment_status":"closed","ping_status":"closed","template":"","meta":{"yasr_overall_rating":0,"yasr_post_is_review":"","yasr_auto_insert_disabled":"","yasr_review_type":"","footnotes":""},"class_list":["post-134106","page","type-page","status-publish","hentry"],"yoast_head":"<!-- This site is optimized with the Yoast SEO plugin v27.4 - https:\/\/yoast.com\/product\/yoast-seo-wordpress\/ -->\n<title>Seamless.AI und Zenkit Integration<\/title>\n<meta name=\"description\" content=\"Die Integration von Zenkit in Seamless.AI erm\u00f6glicht es Ihnen, Ihre Arbeitsabl\u00e4ufe zu optimieren. Erfahren Sie, wie diese Integration mit Ihnen w\u00e4chst!\" \/>\n<meta name=\"robots\" content=\"index, follow, max-snippet:-1, max-image-preview:large, max-video-preview:-1\" \/>\n<link rel=\"canonical\" href=\"https:\/\/zenkit.com\/zh-hant\/%e6%95%b4%e5%90%88\/seamless-ai\/\" \/>\n<meta property=\"og:locale\" content=\"zh_TW\" \/>\n<meta property=\"og:type\" content=\"article\" \/>\n<meta property=\"og:title\" content=\"Seamless.AI und Zenkit Integration\" \/>\n<meta property=\"og:description\" content=\"Die Integration von Zenkit in Seamless.AI erm\u00f6glicht es Ihnen, Ihre Arbeitsabl\u00e4ufe zu optimieren. Erfahren Sie, wie diese Integration mit Ihnen w\u00e4chst!\" \/>\n<meta property=\"og:url\" content=\"https:\/\/zenkit.com\/zh-hant\/%e6%95%b4%e5%90%88\/seamless-ai\/\" \/>\n<meta property=\"og:site_name\" content=\"Zenkit\" \/>\n<meta property=\"article:publisher\" content=\"https:\/\/www.facebook.com\/ZenkitHQ\" \/>\n<meta property=\"article:modified_time\" content=\"2025-11-04T05:53:17+00:00\" \/>\n<meta property=\"og:image\" content=\"https:\/\/zenkit.com\/wp-content\/uploads\/2023\/01\/openai.jpeg\" \/>\n\t<meta property=\"og:image:width\" content=\"1200\" \/>\n\t<meta property=\"og:image:height\" content=\"667\" \/>\n\t<meta property=\"og:image:type\" content=\"image\/jpeg\" \/>\n<meta name=\"twitter:card\" content=\"summary_large_image\" \/>\n<meta name=\"twitter:site\" content=\"@ZenkitHQ\" \/>\n<script type=\"application\/ld+json\" class=\"yoast-schema-graph\">{\"@context\":\"https:\\\/\\\/schema.org\",\"@graph\":[{\"@type\":\"WebPage\",\"@id\":\"https:\\\/\\\/zenkit.com\\\/zh-hant\\\/%e6%95%b4%e5%90%88\\\/seamless-ai\\\/\",\"url\":\"https:\\\/\\\/zenkit.com\\\/zh-hant\\\/%e6%95%b4%e5%90%88\\\/seamless-ai\\\/\",\"name\":\"Seamless.AI und Zenkit Integration\",\"isPartOf\":{\"@id\":\"https:\\\/\\\/zenkit.com\\\/zh-hant\\\/#website\"},\"primaryImageOfPage\":{\"@id\":\"https:\\\/\\\/zenkit.com\\\/zh-hant\\\/%e6%95%b4%e5%90%88\\\/seamless-ai\\\/#primaryimage\"},\"image\":{\"@id\":\"https:\\\/\\\/zenkit.com\\\/zh-hant\\\/%e6%95%b4%e5%90%88\\\/seamless-ai\\\/#primaryimage\"},\"thumbnailUrl\":\"https:\\\/\\\/zenkit.com\\\/wp-content\\\/uploads\\\/2025\\\/07\\\/Seamless-AI-LOGO-1.webp\",\"datePublished\":\"2023-01-25T15:16:38+00:00\",\"dateModified\":\"2025-11-04T05:53:17+00:00\",\"description\":\"Die Integration von Zenkit in Seamless.AI erm\u00f6glicht es Ihnen, Ihre Arbeitsabl\u00e4ufe zu optimieren. Erfahren Sie, wie diese Integration mit Ihnen w\u00e4chst!\",\"breadcrumb\":{\"@id\":\"https:\\\/\\\/zenkit.com\\\/zh-hant\\\/%e6%95%b4%e5%90%88\\\/seamless-ai\\\/#breadcrumb\"},\"inLanguage\":\"zh-TW\",\"potentialAction\":[{\"@type\":\"ReadAction\",\"target\":[\"https:\\\/\\\/zenkit.com\\\/zh-hant\\\/%e6%95%b4%e5%90%88\\\/seamless-ai\\\/\"]}]},{\"@type\":\"ImageObject\",\"inLanguage\":\"zh-TW\",\"@id\":\"https:\\\/\\\/zenkit.com\\\/zh-hant\\\/%e6%95%b4%e5%90%88\\\/seamless-ai\\\/#primaryimage\",\"url\":\"https:\\\/\\\/zenkit.com\\\/wp-content\\\/uploads\\\/2025\\\/07\\\/Seamless-AI-LOGO-1.webp\",\"contentUrl\":\"https:\\\/\\\/zenkit.com\\\/wp-content\\\/uploads\\\/2025\\\/07\\\/Seamless-AI-LOGO-1.webp\"},{\"@type\":\"BreadcrumbList\",\"@id\":\"https:\\\/\\\/zenkit.com\\\/zh-hant\\\/%e6%95%b4%e5%90%88\\\/seamless-ai\\\/#breadcrumb\",\"itemListElement\":[{\"@type\":\"ListItem\",\"position\":1,\"name\":\"Home\",\"item\":\"https:\\\/\\\/zenkit.com\\\/zh-hant\\\/\"},{\"@type\":\"ListItem\",\"position\":2,\"name\":\"Integrations\",\"item\":\"https:\\\/\\\/zenkit.com\\\/zh-hant\\\/%e6%95%b4%e5%90%88\\\/\"},{\"@type\":\"ListItem\",\"position\":3,\"name\":\"Seamless.AI\"}]},{\"@type\":\"WebSite\",\"@id\":\"https:\\\/\\\/zenkit.com\\\/zh-hant\\\/#website\",\"url\":\"https:\\\/\\\/zenkit.com\\\/zh-hant\\\/\",\"name\":\"Zenkit\",\"description\":\"Zenkit Tagline\",\"potentialAction\":[{\"@type\":\"SearchAction\",\"target\":{\"@type\":\"EntryPoint\",\"urlTemplate\":\"https:\\\/\\\/zenkit.com\\\/zh-hant\\\/?s={search_term_string}\"},\"query-input\":{\"@type\":\"PropertyValueSpecification\",\"valueRequired\":true,\"valueName\":\"search_term_string\"}}],\"inLanguage\":\"zh-TW\"},false]}<\/script>\n<!-- \/ Yoast SEO plugin. -->","yoast_head_json":{"title":"Seamless.AI und Zenkit Integration","description":"Die Integration von Zenkit in Seamless.AI erm\u00f6glicht es Ihnen, Ihre Arbeitsabl\u00e4ufe zu optimieren. Erfahren Sie, wie diese Integration mit Ihnen w\u00e4chst!","robots":{"index":"index","follow":"follow","max-snippet":"max-snippet:-1","max-image-preview":"max-image-preview:large","max-video-preview":"max-video-preview:-1"},"canonical":"https:\/\/zenkit.com\/zh-hant\/%e6%95%b4%e5%90%88\/seamless-ai\/","og_locale":"zh_TW","og_type":"article","og_title":"Seamless.AI und Zenkit Integration","og_description":"Die Integration von Zenkit in Seamless.AI erm\u00f6glicht es Ihnen, Ihre Arbeitsabl\u00e4ufe zu optimieren. Erfahren Sie, wie diese Integration mit Ihnen w\u00e4chst!","og_url":"https:\/\/zenkit.com\/zh-hant\/%e6%95%b4%e5%90%88\/seamless-ai\/","og_site_name":"Zenkit","article_publisher":"https:\/\/www.facebook.com\/ZenkitHQ","article_modified_time":"2025-11-04T05:53:17+00:00","og_image":[{"width":1200,"height":667,"url":"https:\/\/zenkit.com\/wp-content\/uploads\/2023\/01\/openai.jpeg","type":"image\/jpeg"}],"twitter_card":"summary_large_image","twitter_site":"@ZenkitHQ","schema":{"@context":"https:\/\/schema.org","@graph":[{"@type":"WebPage","@id":"https:\/\/zenkit.com\/zh-hant\/%e6%95%b4%e5%90%88\/seamless-ai\/","url":"https:\/\/zenkit.com\/zh-hant\/%e6%95%b4%e5%90%88\/seamless-ai\/","name":"Seamless.AI und Zenkit Integration","isPartOf":{"@id":"https:\/\/zenkit.com\/zh-hant\/#website"},"primaryImageOfPage":{"@id":"https:\/\/zenkit.com\/zh-hant\/%e6%95%b4%e5%90%88\/seamless-ai\/#primaryimage"},"image":{"@id":"https:\/\/zenkit.com\/zh-hant\/%e6%95%b4%e5%90%88\/seamless-ai\/#primaryimage"},"thumbnailUrl":"https:\/\/zenkit.com\/wp-content\/uploads\/2025\/07\/Seamless-AI-LOGO-1.webp","datePublished":"2023-01-25T15:16:38+00:00","dateModified":"2025-11-04T05:53:17+00:00","description":"Die Integration von Zenkit in Seamless.AI erm\u00f6glicht es Ihnen, Ihre Arbeitsabl\u00e4ufe zu optimieren. Erfahren Sie, wie diese Integration mit Ihnen w\u00e4chst!","breadcrumb":{"@id":"https:\/\/zenkit.com\/zh-hant\/%e6%95%b4%e5%90%88\/seamless-ai\/#breadcrumb"},"inLanguage":"zh-TW","potentialAction":[{"@type":"ReadAction","target":["https:\/\/zenkit.com\/zh-hant\/%e6%95%b4%e5%90%88\/seamless-ai\/"]}]},{"@type":"ImageObject","inLanguage":"zh-TW","@id":"https:\/\/zenkit.com\/zh-hant\/%e6%95%b4%e5%90%88\/seamless-ai\/#primaryimage","url":"https:\/\/zenkit.com\/wp-content\/uploads\/2025\/07\/Seamless-AI-LOGO-1.webp","contentUrl":"https:\/\/zenkit.com\/wp-content\/uploads\/2025\/07\/Seamless-AI-LOGO-1.webp"},{"@type":"BreadcrumbList","@id":"https:\/\/zenkit.com\/zh-hant\/%e6%95%b4%e5%90%88\/seamless-ai\/#breadcrumb","itemListElement":[{"@type":"ListItem","position":1,"name":"Home","item":"https:\/\/zenkit.com\/zh-hant\/"},{"@type":"ListItem","position":2,"name":"Integrations","item":"https:\/\/zenkit.com\/zh-hant\/%e6%95%b4%e5%90%88\/"},{"@type":"ListItem","position":3,"name":"Seamless.AI"}]},{"@type":"WebSite","@id":"https:\/\/zenkit.com\/zh-hant\/#website","url":"https:\/\/zenkit.com\/zh-hant\/","name":"Zenkit","description":"Zenkit Tagline","potentialAction":[{"@type":"SearchAction","target":{"@type":"EntryPoint","urlTemplate":"https:\/\/zenkit.com\/zh-hant\/?s={search_term_string}"},"query-input":{"@type":"PropertyValueSpecification","valueRequired":true,"valueName":"search_term_string"}}],"inLanguage":"zh-TW"},false]}},"yasr_visitor_votes":{"stars_attributes":{"read_only":false,"span_bottom":false},"number_of_votes":0,"sum_votes":0},"_links":{"self":[{"href":"https:\/\/zenkit.com\/zh-hant\/wp-json\/wp\/v2\/pages\/134106","targetHints":{"allow":["GET"]}}],"collection":[{"href":"https:\/\/zenkit.com\/zh-hant\/wp-json\/wp\/v2\/pages"}],"about":[{"href":"https:\/\/zenkit.com\/zh-hant\/wp-json\/wp\/v2\/types\/page"}],"author":[{"embeddable":true,"href":"https:\/\/zenkit.com\/zh-hant\/wp-json\/wp\/v2\/users\/15"}],"replies":[{"embeddable":true,"href":"https:\/\/zenkit.com\/zh-hant\/wp-json\/wp\/v2\/comments?post=134106"}],"version-history":[{"count":2,"href":"https:\/\/zenkit.com\/zh-hant\/wp-json\/wp\/v2\/pages\/134106\/revisions"}],"predecessor-version":[{"id":143554,"href":"https:\/\/zenkit.com\/zh-hant\/wp-json\/wp\/v2\/pages\/134106\/revisions\/143554"}],"up":[{"embeddable":true,"href":"https:\/\/zenkit.com\/zh-hant\/wp-json\/wp\/v2\/pages\/131929"}],"wp:attachment":[{"href":"https:\/\/zenkit.com\/zh-hant\/wp-json\/wp\/v2\/media?parent=134106"}],"curies":[{"name":"wp","href":"https:\/\/api.w.org\/{rel}","templated":true}]}}