{"id":134117,"date":"2021-12-03T17:08:27","date_gmt":"2021-12-03T16:08:27","guid":{"rendered":"https:\/\/zenkit.com\/%e6%95%b4%e5%90%88\/tmetric\/"},"modified":"2025-12-24T18:07:34","modified_gmt":"2025-12-24T17:07:34","slug":"tmetric","status":"publish","type":"page","link":"https:\/\/zenkit.com\/zh-hant\/%e6%95%b4%e5%90%88\/tmetric\/","title":{"rendered":"TMetric"},"content":{"rendered":"\n<div style=\"height:45px;--tablet-height:45px;--mobile-height:16px\" class=\"wp-block-lookeen-blocks-responsive-spacer\"><\/div>\n\n\n\n<div class=\"wp-block-group has-global-padding is-layout-constrained wp-block-group-is-layout-constrained\">\n<div class=\"wp-block-columns is-layout-flex wp-container-core-columns-is-layout-467d341d wp-block-columns-is-layout-flex\" id=\"main__integrations\" style=\"margin-top:0px;margin-bottom:0px\">\n<div class=\"wp-block-column side__bar__integrations is-layout-flow wp-block-column-is-layout-flow\" style=\"flex-basis:23%\">\n<h2 class=\"wp-block-heading has-da-blue-color-new has-text-color has-link-color wp-elements-6e36a92bd03f9eb3d3451c5600bc95db\" style=\"margin-top:0px;margin-bottom:0px;font-size:16px;line-height:1.5\">\u65f6\u95f4\u8ddf\u8e2a\u6574\u5408<\/h2>\n\n\n<nav class=\"is-vertical integrations__menu wp-block-navigation is-layout-flex wp-container-core-navigation-is-layout-5f9f5280 wp-block-navigation-is-layout-flex\" aria-label=\"cn-integrations-time-tracking\"><ul class=\"wp-block-navigation__container  is-vertical integrations__menu wp-block-navigation\"><li class=\" wp-block-navigation-item wp-block-navigation-link\"><a class=\"wp-block-navigation-item__content\"  href=\"https:\/\/zenkit.com\/zh-hant\/%E6%95%B4%E5%90%88\/clicktime\/\"><span class=\"wp-block-navigation-item__label\">ClickTime<\/span><\/a><\/li><li class=\" wp-block-navigation-item wp-block-navigation-link\"><a class=\"wp-block-navigation-item__content\"  href=\"https:\/\/zenkit.com\/zh-hant\/%E6%95%B4%E5%90%88\/clockify\/\"><span class=\"wp-block-navigation-item__label\">Clockify<\/span><\/a><\/li><li class=\" wp-block-navigation-item wp-block-navigation-link\"><a class=\"wp-block-navigation-item__content\"  href=\"https:\/\/zenkit.com\/zh-hant\/%E6%95%B4%E5%90%88\/desktime\/\"><span class=\"wp-block-navigation-item__label\">DeskTime<\/span><\/a><\/li><li class=\" wp-block-navigation-item wp-block-navigation-link\"><a class=\"wp-block-navigation-item__content\"  href=\"https:\/\/zenkit.com\/zh-hant\/%E6%95%B4%E5%90%88\/everhour\/\"><span class=\"wp-block-navigation-item__label\">Everhour<\/span><\/a><\/li><li class=\" wp-block-navigation-item wp-block-navigation-link\"><a class=\"wp-block-navigation-item__content\"  href=\"https:\/\/zenkit.com\/zh-hant\/%E6%95%B4%E5%90%88\/pomodoneapp\/\"><span class=\"wp-block-navigation-item__label\">PomoDoneApp<\/span><\/a><\/li><li class=\" wp-block-navigation-item wp-block-navigation-link\"><a class=\"wp-block-navigation-item__content\"  href=\"https:\/\/zenkit.com\/zh-hant\/%E6%95%B4%E5%90%88\/time-doctor\/\"><span class=\"wp-block-navigation-item__label\">Time Doctor<\/span><\/a><\/li><li class=\" wp-block-navigation-item wp-block-navigation-link\"><a class=\"wp-block-navigation-item__content\"  href=\"https:\/\/zenkit.com\/zh-hant\/%E6%95%B4%E5%90%88\/toggl-track\/\"><span class=\"wp-block-navigation-item__label\">Toggl Track<\/span><\/a><\/li><\/ul><\/nav><\/div>\n\n\n\n<div class=\"wp-block-column content__integrations is-layout-flow wp-block-column-is-layout-flow\" style=\"flex-basis:77%\">\n<div class=\"wp-block-group has-global-padding is-layout-constrained wp-block-group-is-layout-constrained\">\n<div class=\"wp-block-group title is-layout-flex wp-container-core-group-is-layout-ed4b00df wp-block-group-is-layout-flex\">\n<figure class=\"wp-block-image size-full is-resized\"><img loading=\"lazy\" decoding=\"async\" width=\"512\" height=\"512\" src=\"https:\/\/zenkit.com\/wp-content\/uploads\/2025\/07\/unnamed.webp\" alt=\"TMetric Logo\" class=\"wp-image-117528\" style=\"width:auto;height:46px\" srcset=\"https:\/\/zenkit.com\/wp-content\/uploads\/2025\/07\/unnamed.webp 512w, https:\/\/zenkit.com\/wp-content\/uploads\/2025\/07\/unnamed-300x300.webp 300w, https:\/\/zenkit.com\/wp-content\/uploads\/2025\/07\/unnamed-150x150.webp 150w\" sizes=\"auto, (max-width: 512px) 100vw, 512px\" \/><\/figure>\n\n\n\n<h1 class=\"wp-block-heading\">TMetric &amp; Zenkit<\/h1>\n<\/div>\n\n\n\n<div class=\"wp-block-group has-global-padding is-layout-constrained wp-block-group-is-layout-constrained\">\n<h3 class=\"wp-block-heading display-h2\">\u9023\u7d50\u60a8\u7684 Zenkit \u548c TMetric \u5e33\u6237<\/h3>\n\n\n\n<p>\u60a8\u53ef\u4ee5\u900f\u904e\u548cTMetric\u7684\u9023\u7d50\uff0c\u8ffd\u8e64\u82b1\u5728Zenkit\u4efb\u52d9\u4e0a\u7684\u6642\u9593\u4e26\u6fc0\u767c\u81ea\u5bb6\u5718\u968a\u7684\u751f\u7522\u529b\u3002<\/p>\n<\/div>\n\n\n\n<div style=\"height:48px;--tablet-height:36px;--mobile-height:24px\" class=\"wp-block-lookeen-blocks-responsive-spacer\"><\/div>\n<\/div>\n\n\n\n<div class=\"wp-block-group has-global-padding is-layout-constrained wp-block-group-is-layout-constrained\">\n<figure class=\"wp-block-video\"><video controls src=\"https:\/\/zenkit.com\/wp-content\/uploads\/2019\/03\/Time-tracking-with-TMetric.-Quick-service-presentation.mp4\"><\/video><\/figure>\n<\/div>\n\n\n\n<div style=\"height:48px;--tablet-height:36px;--mobile-height:24px\" class=\"wp-block-lookeen-blocks-responsive-spacer\"><\/div>\n\n\n\n<figure class=\"wp-block-image size-large\"><img loading=\"lazy\" decoding=\"async\" width=\"1024\" height=\"623\" src=\"https:\/\/zenkit.com\/wp-content\/uploads\/2025\/07\/home_timetracking_image-1-1024x623.webp\" alt=\"\" class=\"wp-image-117540\" srcset=\"https:\/\/zenkit.com\/wp-content\/uploads\/2025\/07\/home_timetracking_image-1-1024x623.webp 1024w, https:\/\/zenkit.com\/wp-content\/uploads\/2025\/07\/home_timetracking_image-1-300x182.webp 300w, https:\/\/zenkit.com\/wp-content\/uploads\/2025\/07\/home_timetracking_image-1-768x467.webp 768w, https:\/\/zenkit.com\/wp-content\/uploads\/2025\/07\/home_timetracking_image-1.webp 1184w\" sizes=\"auto, (max-width: 1024px) 100vw, 1024px\" \/><\/figure>\n\n\n\n<div style=\"height:48px;--tablet-height:36px;--mobile-height:24px\" class=\"wp-block-lookeen-blocks-responsive-spacer\"><\/div>\n\n\n\n<div class=\"wp-block-group has-global-padding is-layout-constrained wp-block-group-is-layout-constrained\">\n<h3 class=\"wp-block-heading display-h2\">\u95dc\u65bcTMetric<\/h3>\n\n\n\n<p>TMetric \u662f\u9069\u5408\u6240\u6709\u898f\u6a21\u7684\u5718\u968a\u548c\u81ea\u7531\u5de5\u4f5c\u8005\u7684\u4e00\u6b3e\u514d\u8cbb\u4e14\u597d\u4e0a\u624b\u7684&nbsp;<a href=\"https:\/\/tmetric.com\/\">\u7dda\u4e0a\u6642\u9593\u8ffd\u8e64\u5de5\u5177\u3002<\/a>&nbsp;\u60a8\u53ef\u4ee5\u900f\u904eTMetric\u8f15\u9b06\u5730\u7ba1\u7406\u9060\u8ddd\u5de5\u4f5c\u7684\u5718\u968a\u3001\u67e5\u770b\u4efb\u4f55\u4efb\u52d9\u6216\u5de5\u4f5c\u696d\u52d9\u6240\u82b1\u7684\u6642\u9593\uff0c\u4e26\u70ba\u5c08\u6848\u7de8\u5217\u9810\u7b97\u3002\u60a8\u4e5f\u53ef\u4ee5\u70ba\u4efb\u4f55\u4efb\u52d9\u3001\u5ba2\u6236\u5c08\u6848\u6216\u5718\u968a\u6210\u54e1\u8a2d\u7acb\u4e0d\u540c\u7684\u5831\u50f9\uff0c\u7528\u6642\u9593\u8ef8\u6aa2\u8996\u60a8\u7684\u5de5\u4f5c\u65e5\uff0c\u4e26\u751f\u6210\u8a73\u7d30\u7684\u6642\u9593\u8207\u91d1\u9322\u5831\u8868\u3002TMetric\u5df2\u548c\u8d85\u904e50\u500b\u670d\u52d9\u6574\u5408\uff0c\u800c\u60a8\u4e5f\u53ef\u4f7f\u7528\u5176\u516c\u958b\u7684API\u4f86\u69cb\u5efa\u81ea\u5df1\u7684\u6574\u5408\u3002TMetric\u53ef\u5728\u6240\u6709\u5e73\u53f0\u4e0a\u4f7f\u7528\u3002\u6b32\u77e5\u66f4\u591aTMetric\u7684\u8cc7\u8a0a\u548c\u529f\u80fd\uff0c\u8acb\u9020\u8a2a:&nbsp;<a href=\"https:\/\/tmetric.com\/features\">https:\/\/tmetric.com\/features<\/a><\/p>\n<\/div>\n\n\n\n<div style=\"height:48px;--tablet-height:36px;--mobile-height:24px\" class=\"wp-block-lookeen-blocks-responsive-spacer\"><\/div>\n\n\n\n<div class=\"wp-block-group has-global-padding is-layout-constrained wp-block-group-is-layout-constrained\">\n<h3 class=\"wp-block-heading display-h2\">\u5982\u4f55\u9023\u7d50TMetric\u8207Zenkit?<\/h3>\n\n\n\n<ol class=\"wp-block-list list__style__position-inside\">\n<li><a href=\"https:\/\/zapier.com\/sign-up\/\">\u6309\u6b64\u8a3b\u518a<\/a>&nbsp;Zapier\u5e33\u6236\u3002<\/li>\n\n\n\n<li><a href=\"https:\/\/id.tmetric.com\/core\/register?signin=54eca4fa18ccdac75107000b7a78785b#_ga=2.119755848.1119230110.1551685959-924661716.1502978625\">\u6309\u6b64\u8a3b\u518a<\/a>&nbsp;TMetric\u5e33\u6236\u3002<\/li>\n\n\n\n<li>\u767b\u5165Zapier\u4e26\u524d\u5f80&nbsp;<a href=\"https:\/\/zapier.com\/apps\/zenkit\/integrations\/tmetric\">Zenkit + TMetric Zapbook&nbsp;<\/a>\u9801\u9762\u4ee5\u4f7f\u7528Zap\u6a21\u677f\u3002<\/li>\n\n\n\n<li>\u6216\u8005\u60a8\u4ea6\u53ef\u65bc\u5275\u5efaZap\u6642\uff0c\u81ea\u884c\u9078\u64c7Zenkit\u8207TMetric\u6574\u5408\u3002<\/li>\n<\/ol>\n\n\n\n<script type=\"text\/javascript\" src=\"https:\/\/zapier.com\/apps\/embed\/widget.js?guided_zaps= 40661\"><\/script>\n<\/div>\n\n\n\n<div style=\"height:48px;--tablet-height:36px;--mobile-height:24px\" class=\"wp-block-lookeen-blocks-responsive-spacer\"><\/div>\n\n\n\n<div class=\"wp-block-group has-global-padding is-layout-constrained wp-block-group-is-layout-constrained\">\n<h3 class=\"wp-block-heading display-h2\">\u652f\u63f4<\/h3>\n\n\n\n<p>\u6b64\u6574\u5408\u670d\u52d9\u7531Zapier\u63d0\u4f9b\u6280\u8853\u652f\u63f4\u3002\u5982\u6709\u4efb\u4f55\u7591\u554f\uff0c\u8acb\u806f\u7e6b&nbsp;<a href=\"https:\/\/zapier.com\/help\/contact-us\/\">Zapier<\/a>&nbsp;\u5718\u968a\u3002\u6b32\u77e5\u66f4\u591a\u95dc\u65bc\u5982\u4f55\u900f\u904eZapier\u4f7f\u7528Zenkit\u7684\u8cc7\u8a0a\uff0c\u6b61\u8fce\u95b1\u8b80\u6b64&nbsp;<a href=\"https:\/\/zenkit.com\/documentation#\/lists\/HJQBQ1Hw\/sections\/SJYE55zA\/entries\/BJGOKQtA?_k=hyyynn\">\u5c0e\u89bd<\/a>\u3002<\/p>\n<\/div>\n<\/div>\n<\/div>\n<\/div>\n\n\n\n<div style=\"height:110px;--tablet-height:60px;--mobile-height:48px\" class=\"wp-block-lookeen-blocks-responsive-spacer\"><\/div>\n","protected":false},"excerpt":{"rendered":"<p>\u65f6\u95f4\u8ddf\u8e2a\u6574\u5408 TMetric &amp; Zenkit \u9023\u7d50\u60a8\u7684 Zenkit \u548c TMetric \u5e33\u6237 \u60a8\u53ef [&hellip;]<\/p>\n","protected":false},"author":15,"featured_media":0,"parent":131929,"menu_order":30,"comment_status":"closed","ping_status":"closed","template":"","meta":{"yasr_overall_rating":0,"yasr_post_is_review":"","yasr_auto_insert_disabled":"","yasr_review_type":"","footnotes":""},"class_list":["post-134117","page","type-page","status-publish","hentry"],"yoast_head":"<!-- This site is optimized with the Yoast SEO plugin v27.3 - https:\/\/yoast.com\/product\/yoast-seo-wordpress\/ -->\n<title>TMetric | Zenkit<\/title>\n<meta name=\"description\" content=\"Sie m\u00f6chten Ihre Daten von TMetric automatisch f\u00fcr weitere Aufgaben verwenden? Erfahren Sie jetzt mehr \u00fcber die Integration von TMetric und Zenkit Projects.\" \/>\n<meta name=\"robots\" content=\"index, follow, max-snippet:-1, max-image-preview:large, max-video-preview:-1\" \/>\n<link rel=\"canonical\" href=\"https:\/\/zenkit.com\/zh-hant\/%e6%95%b4%e5%90%88\/tmetric\/\" \/>\n<meta property=\"og:locale\" content=\"zh_TW\" \/>\n<meta property=\"og:type\" content=\"article\" \/>\n<meta property=\"og:title\" content=\"TMetric | Zenkit\" \/>\n<meta property=\"og:description\" content=\"Sie m\u00f6chten Ihre Daten von TMetric automatisch f\u00fcr weitere Aufgaben verwenden? Erfahren Sie jetzt mehr \u00fcber die Integration von TMetric und Zenkit Projects.\" \/>\n<meta property=\"og:url\" content=\"https:\/\/zenkit.com\/zh-hant\/%e6%95%b4%e5%90%88\/tmetric\/\" \/>\n<meta property=\"og:site_name\" content=\"Zenkit\" \/>\n<meta property=\"article:publisher\" content=\"https:\/\/www.facebook.com\/ZenkitHQ\" \/>\n<meta property=\"article:modified_time\" content=\"2025-12-24T17:07:34+00:00\" \/>\n<meta property=\"og:image\" content=\"https:\/\/zenkit.com\/wp-content\/uploads\/2025\/07\/unnamed.webp\" \/>\n\t<meta property=\"og:image:width\" content=\"512\" \/>\n\t<meta property=\"og:image:height\" content=\"512\" \/>\n\t<meta property=\"og:image:type\" content=\"image\/webp\" \/>\n<meta name=\"twitter:card\" content=\"summary_large_image\" \/>\n<meta name=\"twitter:site\" content=\"@ZenkitHQ\" \/>\n<meta name=\"twitter:label1\" content=\"\u9810\u4f30\u95b1\u8b80\u6642\u9593\" \/>\n\t<meta name=\"twitter:data1\" content=\"4 \u5206\u9418\" \/>\n<script type=\"application\/ld+json\" class=\"yoast-schema-graph\">{\"@context\":\"https:\\\/\\\/schema.org\",\"@graph\":[{\"@type\":\"WebPage\",\"@id\":\"https:\\\/\\\/zenkit.com\\\/zh-hant\\\/%e6%95%b4%e5%90%88\\\/tmetric\\\/\",\"url\":\"https:\\\/\\\/zenkit.com\\\/zh-hant\\\/%e6%95%b4%e5%90%88\\\/tmetric\\\/\",\"name\":\"TMetric | Zenkit\",\"isPartOf\":{\"@id\":\"https:\\\/\\\/zenkit.com\\\/zh-hant\\\/#website\"},\"primaryImageOfPage\":{\"@id\":\"https:\\\/\\\/zenkit.com\\\/zh-hant\\\/%e6%95%b4%e5%90%88\\\/tmetric\\\/#primaryimage\"},\"image\":{\"@id\":\"https:\\\/\\\/zenkit.com\\\/zh-hant\\\/%e6%95%b4%e5%90%88\\\/tmetric\\\/#primaryimage\"},\"thumbnailUrl\":\"https:\\\/\\\/zenkit.com\\\/wp-content\\\/uploads\\\/2025\\\/07\\\/unnamed.webp\",\"datePublished\":\"2021-12-03T16:08:27+00:00\",\"dateModified\":\"2025-12-24T17:07:34+00:00\",\"description\":\"Sie m\u00f6chten Ihre Daten von TMetric automatisch f\u00fcr weitere Aufgaben verwenden? Erfahren Sie jetzt mehr \u00fcber die Integration von TMetric und Zenkit Projects.\",\"breadcrumb\":{\"@id\":\"https:\\\/\\\/zenkit.com\\\/zh-hant\\\/%e6%95%b4%e5%90%88\\\/tmetric\\\/#breadcrumb\"},\"inLanguage\":\"zh-TW\",\"potentialAction\":[{\"@type\":\"ReadAction\",\"target\":[\"https:\\\/\\\/zenkit.com\\\/zh-hant\\\/%e6%95%b4%e5%90%88\\\/tmetric\\\/\"]}]},{\"@type\":\"ImageObject\",\"inLanguage\":\"zh-TW\",\"@id\":\"https:\\\/\\\/zenkit.com\\\/zh-hant\\\/%e6%95%b4%e5%90%88\\\/tmetric\\\/#primaryimage\",\"url\":\"https:\\\/\\\/zenkit.com\\\/wp-content\\\/uploads\\\/2025\\\/07\\\/unnamed.webp\",\"contentUrl\":\"https:\\\/\\\/zenkit.com\\\/wp-content\\\/uploads\\\/2025\\\/07\\\/unnamed.webp\"},{\"@type\":\"BreadcrumbList\",\"@id\":\"https:\\\/\\\/zenkit.com\\\/zh-hant\\\/%e6%95%b4%e5%90%88\\\/tmetric\\\/#breadcrumb\",\"itemListElement\":[{\"@type\":\"ListItem\",\"position\":1,\"name\":\"Home\",\"item\":\"https:\\\/\\\/zenkit.com\\\/zh-hant\\\/\"},{\"@type\":\"ListItem\",\"position\":2,\"name\":\"Integrations\",\"item\":\"https:\\\/\\\/zenkit.com\\\/zh-hant\\\/%e6%95%b4%e5%90%88\\\/\"},{\"@type\":\"ListItem\",\"position\":3,\"name\":\"TMetric\"}]},{\"@type\":\"WebSite\",\"@id\":\"https:\\\/\\\/zenkit.com\\\/zh-hant\\\/#website\",\"url\":\"https:\\\/\\\/zenkit.com\\\/zh-hant\\\/\",\"name\":\"Zenkit\",\"description\":\"Zenkit Tagline\",\"potentialAction\":[{\"@type\":\"SearchAction\",\"target\":{\"@type\":\"EntryPoint\",\"urlTemplate\":\"https:\\\/\\\/zenkit.com\\\/zh-hant\\\/?s={search_term_string}\"},\"query-input\":{\"@type\":\"PropertyValueSpecification\",\"valueRequired\":true,\"valueName\":\"search_term_string\"}}],\"inLanguage\":\"zh-TW\"},false]}<\/script>\n<!-- \/ Yoast SEO plugin. -->","yoast_head_json":{"title":"TMetric | Zenkit","description":"Sie m\u00f6chten Ihre Daten von TMetric automatisch f\u00fcr weitere Aufgaben verwenden? Erfahren Sie jetzt mehr \u00fcber die Integration von TMetric und Zenkit Projects.","robots":{"index":"index","follow":"follow","max-snippet":"max-snippet:-1","max-image-preview":"max-image-preview:large","max-video-preview":"max-video-preview:-1"},"canonical":"https:\/\/zenkit.com\/zh-hant\/%e6%95%b4%e5%90%88\/tmetric\/","og_locale":"zh_TW","og_type":"article","og_title":"TMetric | Zenkit","og_description":"Sie m\u00f6chten Ihre Daten von TMetric automatisch f\u00fcr weitere Aufgaben verwenden? Erfahren Sie jetzt mehr \u00fcber die Integration von TMetric und Zenkit Projects.","og_url":"https:\/\/zenkit.com\/zh-hant\/%e6%95%b4%e5%90%88\/tmetric\/","og_site_name":"Zenkit","article_publisher":"https:\/\/www.facebook.com\/ZenkitHQ","article_modified_time":"2025-12-24T17:07:34+00:00","og_image":[{"width":512,"height":512,"url":"https:\/\/zenkit.com\/wp-content\/uploads\/2025\/07\/unnamed.webp","type":"image\/webp"}],"twitter_card":"summary_large_image","twitter_site":"@ZenkitHQ","twitter_misc":{"\u9810\u4f30\u95b1\u8b80\u6642\u9593":"4 \u5206\u9418"},"schema":{"@context":"https:\/\/schema.org","@graph":[{"@type":"WebPage","@id":"https:\/\/zenkit.com\/zh-hant\/%e6%95%b4%e5%90%88\/tmetric\/","url":"https:\/\/zenkit.com\/zh-hant\/%e6%95%b4%e5%90%88\/tmetric\/","name":"TMetric | Zenkit","isPartOf":{"@id":"https:\/\/zenkit.com\/zh-hant\/#website"},"primaryImageOfPage":{"@id":"https:\/\/zenkit.com\/zh-hant\/%e6%95%b4%e5%90%88\/tmetric\/#primaryimage"},"image":{"@id":"https:\/\/zenkit.com\/zh-hant\/%e6%95%b4%e5%90%88\/tmetric\/#primaryimage"},"thumbnailUrl":"https:\/\/zenkit.com\/wp-content\/uploads\/2025\/07\/unnamed.webp","datePublished":"2021-12-03T16:08:27+00:00","dateModified":"2025-12-24T17:07:34+00:00","description":"Sie m\u00f6chten Ihre Daten von TMetric automatisch f\u00fcr weitere Aufgaben verwenden? Erfahren Sie jetzt mehr \u00fcber die Integration von TMetric und Zenkit Projects.","breadcrumb":{"@id":"https:\/\/zenkit.com\/zh-hant\/%e6%95%b4%e5%90%88\/tmetric\/#breadcrumb"},"inLanguage":"zh-TW","potentialAction":[{"@type":"ReadAction","target":["https:\/\/zenkit.com\/zh-hant\/%e6%95%b4%e5%90%88\/tmetric\/"]}]},{"@type":"ImageObject","inLanguage":"zh-TW","@id":"https:\/\/zenkit.com\/zh-hant\/%e6%95%b4%e5%90%88\/tmetric\/#primaryimage","url":"https:\/\/zenkit.com\/wp-content\/uploads\/2025\/07\/unnamed.webp","contentUrl":"https:\/\/zenkit.com\/wp-content\/uploads\/2025\/07\/unnamed.webp"},{"@type":"BreadcrumbList","@id":"https:\/\/zenkit.com\/zh-hant\/%e6%95%b4%e5%90%88\/tmetric\/#breadcrumb","itemListElement":[{"@type":"ListItem","position":1,"name":"Home","item":"https:\/\/zenkit.com\/zh-hant\/"},{"@type":"ListItem","position":2,"name":"Integrations","item":"https:\/\/zenkit.com\/zh-hant\/%e6%95%b4%e5%90%88\/"},{"@type":"ListItem","position":3,"name":"TMetric"}]},{"@type":"WebSite","@id":"https:\/\/zenkit.com\/zh-hant\/#website","url":"https:\/\/zenkit.com\/zh-hant\/","name":"Zenkit","description":"Zenkit Tagline","potentialAction":[{"@type":"SearchAction","target":{"@type":"EntryPoint","urlTemplate":"https:\/\/zenkit.com\/zh-hant\/?s={search_term_string}"},"query-input":{"@type":"PropertyValueSpecification","valueRequired":true,"valueName":"search_term_string"}}],"inLanguage":"zh-TW"},false]}},"yasr_visitor_votes":{"stars_attributes":{"read_only":false,"span_bottom":false},"number_of_votes":0,"sum_votes":0},"_links":{"self":[{"href":"https:\/\/zenkit.com\/zh-hant\/wp-json\/wp\/v2\/pages\/134117","targetHints":{"allow":["GET"]}}],"collection":[{"href":"https:\/\/zenkit.com\/zh-hant\/wp-json\/wp\/v2\/pages"}],"about":[{"href":"https:\/\/zenkit.com\/zh-hant\/wp-json\/wp\/v2\/types\/page"}],"author":[{"embeddable":true,"href":"https:\/\/zenkit.com\/zh-hant\/wp-json\/wp\/v2\/users\/15"}],"replies":[{"embeddable":true,"href":"https:\/\/zenkit.com\/zh-hant\/wp-json\/wp\/v2\/comments?post=134117"}],"version-history":[{"count":3,"href":"https:\/\/zenkit.com\/zh-hant\/wp-json\/wp\/v2\/pages\/134117\/revisions"}],"predecessor-version":[{"id":175382,"href":"https:\/\/zenkit.com\/zh-hant\/wp-json\/wp\/v2\/pages\/134117\/revisions\/175382"}],"up":[{"embeddable":true,"href":"https:\/\/zenkit.com\/zh-hant\/wp-json\/wp\/v2\/pages\/131929"}],"wp:attachment":[{"href":"https:\/\/zenkit.com\/zh-hant\/wp-json\/wp\/v2\/media?parent=134117"}],"curies":[{"name":"wp","href":"https:\/\/api.w.org\/{rel}","templated":true}]}}