{"id":145063,"date":"2025-07-28T01:11:47","date_gmt":"2025-07-27T23:11:47","guid":{"rendered":"https:\/\/zenkit.com\/%e6%95%b4%e5%90%88\/sign-in-scheduling-2\/"},"modified":"2025-11-04T06:53:18","modified_gmt":"2025-11-04T05:53:18","slug":"sign-in-scheduling","status":"publish","type":"page","link":"https:\/\/zenkit.com\/zh-hant\/%e6%95%b4%e5%90%88\/sign-in-scheduling\/","title":{"rendered":"Sign In Scheduling (formerly 10to8)"},"content":{"rendered":"\n<div style=\"height:45px;--tablet-height:45px;--mobile-height:16px\" class=\"wp-block-lookeen-blocks-responsive-spacer\"><\/div>\n\n\n\n<div class=\"wp-block-group has-global-padding is-layout-constrained wp-block-group-is-layout-constrained\">\n<div class=\"wp-block-columns is-layout-flex wp-container-core-columns-is-layout-467d341d wp-block-columns-is-layout-flex\" id=\"main__integrations\" style=\"margin-top:0px;margin-bottom:0px\">\n<div class=\"wp-block-column side__bar__integrations is-layout-flow wp-block-column-is-layout-flow\" style=\"flex-basis:23%\">\n<h2 class=\"wp-block-heading has-da-blue-color-new has-text-color has-link-color wp-elements-7e5b61bfbd186521c3cf0f79650a2942\" style=\"margin-top:0px;margin-bottom:0px;font-size:16px;line-height:1.5\">Terminplanungs Integrationen<\/h2>\n\n\n<nav class=\"is-vertical integrations__menu wp-block-navigation is-layout-flex wp-container-core-navigation-is-layout-5f9f5280 wp-block-navigation-is-layout-flex\" aria-label=\"de-scheduling-integrations\"><ul class=\"wp-block-navigation__container  is-vertical integrations__menu wp-block-navigation\"><li class=\" wp-block-navigation-item wp-block-navigation-link\"><a class=\"wp-block-navigation-item__content\"  href=\"https:\/\/zenkit.com\/de\/integrationen\/appointlet\/\"><span class=\"wp-block-navigation-item__label\">Appointlet<\/span><\/a><\/li><li class=\" wp-block-navigation-item wp-block-navigation-link\"><a class=\"wp-block-navigation-item__content\"  href=\"https:\/\/zenkit.com\/de\/integrationen\/bookafy\/\"><span class=\"wp-block-navigation-item__label\">Bookafy<\/span><\/a><\/li><li class=\" wp-block-navigation-item wp-block-navigation-link\"><a class=\"wp-block-navigation-item__content\"  href=\"https:\/\/zenkit.com\/de\/integrationen\/etermin\/\"><span class=\"wp-block-navigation-item__label\">eTermin<\/span><\/a><\/li><li class=\" wp-block-navigation-item wp-block-navigation-link\"><a class=\"wp-block-navigation-item__content\"  href=\"https:\/\/zenkit.com\/de\/integrationen\/eventable\/\"><span class=\"wp-block-navigation-item__label\">Eventable<\/span><\/a><\/li><li class=\" wp-block-navigation-item wp-block-navigation-link\"><a class=\"wp-block-navigation-item__content\"  href=\"https:\/\/zenkit.com\/de\/integrationen\/simplybook-me\/\"><span class=\"wp-block-navigation-item__label\">SimplyBook.me<\/span><\/a><\/li><li class=\" wp-block-navigation-item wp-block-navigation-link\"><a class=\"wp-block-navigation-item__content\"  href=\"https:\/\/zenkit.com\/de\/integrationen\/sign-in-scheduling\/\"><span class=\"wp-block-navigation-item__label\">Sign In Scheduling (formerly 10to8)<\/span><\/a><\/li><li class=\" wp-block-navigation-item wp-block-navigation-link\"><a class=\"wp-block-navigation-item__content\"  href=\"https:\/\/zenkit.com\/de\/integrationen\/supersaas\/\"><span class=\"wp-block-navigation-item__label\">SuperSaaS<\/span><\/a><\/li><\/ul><\/nav><\/div>\n\n\n\n<div class=\"wp-block-column content__integrations is-layout-flow wp-block-column-is-layout-flow\" style=\"flex-basis:77%\">\n<div class=\"wp-block-group has-global-padding is-layout-constrained wp-block-group-is-layout-constrained\">\n<div class=\"wp-block-group title is-nowrap is-layout-flex wp-container-core-group-is-layout-2e1435bd wp-block-group-is-layout-flex\">\n<figure class=\"wp-block-image size-full is-resized\"><img loading=\"lazy\" decoding=\"async\" width=\"204\" height=\"205\" src=\"https:\/\/zenkit.com\/wp-content\/uploads\/2025\/07\/sign-in-scheduling-formerly-10to8-logo.webp\" alt=\"\" class=\"wp-image-122899\" style=\"width:auto;height:46px\" srcset=\"https:\/\/zenkit.com\/wp-content\/uploads\/2025\/07\/sign-in-scheduling-formerly-10to8-logo.webp 204w, https:\/\/zenkit.com\/wp-content\/uploads\/2025\/07\/sign-in-scheduling-formerly-10to8-logo-150x150.webp 150w\" sizes=\"auto, (max-width: 204px) 100vw, 204px\" \/><\/figure>\n\n\n\n<h1 class=\"wp-block-heading\">Sign In Scheduling (formerly 10to8) und Zenkit<\/h1>\n<\/div>\n\n\n\n<div class=\"wp-block-group has-global-padding is-layout-constrained wp-block-group-is-layout-constrained\">\n<p>Durch die Integration von Sign In Scheduling (10to8) in Zenkit profitieren Nutzer von einer umfassenden \u00dcbersicht und einem zentralisierten Arbeitsablauf.<\/p>\n\n\n\n<p>Diese Integration spart nicht nur Zeit, sondern minimiert auch das Risiko von Doppelbuchungen und Missverst\u00e4ndnissen, wodurch eine reibungslosere und produktivere Arbeitsumgebung geschaffen wird.<\/p>\n<\/div>\n\n\n\n<div style=\"height:48px;--tablet-height:36px;--mobile-height:24px\" class=\"wp-block-lookeen-blocks-responsive-spacer\"><\/div>\n<\/div>\n\n\n\n<div class=\"wp-block-group has-global-padding is-layout-constrained wp-block-group-is-layout-constrained\">\n<figure class=\"wp-block-video\"><video controls src=\"https:\/\/zenkit.com\/wp-content\/uploads\/2019\/08\/10to8_-Appointment-Scheduling-Software.mp4\"><\/video><\/figure>\n<\/div>\n\n\n\n<div style=\"height:48px;--tablet-height:36px;--mobile-height:24px\" class=\"wp-block-lookeen-blocks-responsive-spacer\"><\/div>\n\n\n\n<div class=\"wp-block-group has-global-padding is-layout-constrained wp-block-group-is-layout-constrained\">\n<h3 class=\"wp-block-heading display-h2\">\u00dcber Sign In Scheduling (10to8)<\/h3>\n\n\n\n<p>Sign In Scheduling (10to8) ist ein Tool zur Terminplanung und -verwaltung, das darauf abzielt, die Organisation von Meetings, Besprechungen und anderen zeitgebundenen Aktivit\u00e4ten zu vereinfachen.<\/p>\n\n\n\n<p>Es bietet eine benutzerfreundliche Oberfl\u00e4che, die es Nutzern erm\u00f6glicht, verf\u00fcgbare Zeiten zu teilen, Einladungen zu versenden und Termine effizient zu koordinieren.<\/p>\n<\/div>\n\n\n\n<div style=\"height:48px;--tablet-height:36px;--mobile-height:24px\" class=\"wp-block-lookeen-blocks-responsive-spacer\"><\/div>\n\n\n\n<div class=\"wp-block-group has-global-padding is-layout-constrained wp-block-group-is-layout-constrained\">\n<h3 class=\"wp-block-heading display-h2\">\u00dcber Zenkit<\/h3>\n\n\n\n<p><a href=\"https:\/\/zenkit.com\/de\">Zenkit<\/a>&nbsp;ist eine vielseitige Online-Plattform zur Organisation und Verwaltung von Projekten und Aufgaben. Mit Funktionen wie Kanban-Boards, Tabellen, Kalenderansichten und Gantt-Diagrammen erm\u00f6glicht Zenkit eine flexible und effiziente Projektsteuerung<\/p>\n\n\n\n<p>Zenkit wurde in Deutschland entwickelt und mit deutschen Serverstandorten wird f\u00fcr h\u00f6chste Sicherheits- und Datenschutzstandards gem\u00e4\u00df der Datenschutz-Grundverordnung (DSGVO) gesorgt. Verschl\u00fcsselte Daten\u00fcbertragung, redundante Server und regelm\u00e4\u00dfige Backups sorgen daf\u00fcr, dass die Daten der Benutzer stets gesch\u00fctzt sind.<\/p>\n\n\n\n<p>Mit mobilen Apps f\u00fcr iOS und Android bleibt Zenkit auch unterwegs stets zug\u00e4nglich, was die Produktivit\u00e4t und Flexibilit\u00e4t weiter erh\u00f6ht.&nbsp;<a href=\"https:\/\/app.zenkit.com\/register\">Erstellen Sie Ihr kostenloses Konto!<\/a><\/p>\n<\/div>\n\n\n\n<div style=\"height:48px;--tablet-height:36px;--mobile-height:24px\" class=\"wp-block-lookeen-blocks-responsive-spacer\"><\/div>\n\n\n\n<div class=\"wp-block-group has-global-padding is-layout-constrained wp-block-group-is-layout-constrained\">\n<h3 class=\"wp-block-heading display-h2\">Wie synchronisieren Sie Sign In Scheduling (10to8) und Zenkit?<\/h3>\n\n\n\n<ol class=\"wp-block-list is-style-da-left-indent\">\n<li><a href=\"https:\/\/zapier.com\/sign-up\/\">Registrieren Sie sich<\/a>\u00a0f\u00fcr einen Zapier-Account um Zugang zu Zapier zu enthalten.<\/li>\n\n\n\n<li><a href=\"https:\/\/10to8.com\/\">Erstelle ein Konto<\/a>\u00a0bei Sign In Scheduling (10to8).<\/li>\n\n\n\n<li>Melden Sie sich bei Zapier an und gehen Sie zum\u00a0<a href=\"https:\/\/zapier.com\/apps\/zenkit\/integrations\/10to8\">Zenkit + Sign In Scheduling (10to8) Zapbook<\/a>, um Zap-Vorlagen zu finden.<\/li>\n\n\n\n<li>Sie k\u00f6nnen auch Ihre eigene Zenkit und Sign In Scheduling (10to8)-Integration erstellen, indem Sie diese beim Erstellen eines Zaps ausw\u00e4hlen.<\/li>\n<\/ol>\n<\/div>\n\n\n\n<div style=\"height:48px;--tablet-height:36px;--mobile-height:24px\" class=\"wp-block-lookeen-blocks-responsive-spacer\"><\/div>\n\n\n\n<div class=\"wp-block-group has-global-padding is-layout-constrained wp-block-group-is-layout-constrained\">\n<h3 class=\"wp-block-heading display-h2\">Wer profitiert von der Sign In Scheduling (10to8) und Zenkit Integration?<\/h3>\n\n\n\n<ul class=\"wp-block-list is-style-da-left-indent\">\n<li><strong>Personalverantwortliche, die Vorstellungsgespr\u00e4che und Mitarbeitergespr\u00e4che effizient planen m\u00fcssen:<\/strong>\u00a0Durch die Integration von Sign In Scheduling mit Zenkit k\u00f6nnen HR-Manager den Prozess der Terminvereinbarung und -verwaltung automatisieren. Alle relevanten Daten und Zeitpl\u00e4ne werden nahtlos in ihr Projektmanagementsystem \u00fcbertragen, wodurch eine reibungslose Koordination und Nachverfolgung von Terminen gew\u00e4hrleistet wird und Doppelbuchungen vermieden werden.<\/li>\n\n\n\n<li><strong>Dienstleister, die Kundenbuchungen und -anfragen effizient verwalten m\u00f6chten:<\/strong>\u00a0Unternehmen im Dienstleistungssektor k\u00f6nnen von der Integration profitieren, indem sie den Buchungsprozess f\u00fcr ihre Kunden vereinfachen und automatisieren. Kundentermine, Anfragen und Verf\u00fcgbarkeiten werden direkt mit Zenkit synchronisiert, was eine verbesserte Kundenbetreuung, eine optimierte Terminplanung und eine nahtlose Verwaltung von Buchungsdetails erm\u00f6glicht.<\/li>\n<\/ul>\n<\/div>\n\n\n\n<div style=\"height:48px;--tablet-height:36px;--mobile-height:24px\" class=\"wp-block-lookeen-blocks-responsive-spacer\"><\/div>\n\n\n\n<div class=\"wp-block-group has-global-padding is-layout-constrained wp-block-group-is-layout-constrained\">\n<h3 class=\"wp-block-heading display-h2\">Weitere Integrations-Details<\/h3>\n\n\n\n<ul class=\"wp-block-list is-style-da-left-indent\">\n<li>Unterst\u00fctzt von Zapier: Bitte kontaktieren Sie den\u00a0<a href=\"https:\/\/zapier.com\/app\/get-help\">Zapier-Support<\/a>, wenn Sie Probleme haben.<\/li>\n\n\n\n<li>F\u00fcr weitere Informationen zur Verwendung von Zenkit mit Zapier lesen Sie bitte unsere\u00a0<a href=\"https:\/\/help.zenkit.com\/de\/support\/solutions\/articles\/43000590360-andere-apps-mit-zapier-in-zenkit-integrieren\">Dokumentation<\/a>.<\/li>\n<\/ul>\n<\/div>\n<\/div>\n<\/div>\n<\/div>\n\n\n\n<div style=\"height:110px;--tablet-height:60px;--mobile-height:48px\" class=\"wp-block-lookeen-blocks-responsive-spacer\"><\/div>\n","protected":false},"excerpt":{"rendered":"<p>Terminplanungs Integrationen Sign In Scheduling (former [&hellip;]<\/p>\n","protected":false},"author":9,"featured_media":0,"parent":131929,"menu_order":0,"comment_status":"closed","ping_status":"closed","template":"","meta":{"yasr_overall_rating":0,"yasr_post_is_review":"","yasr_auto_insert_disabled":"","yasr_review_type":"","footnotes":""},"class_list":["post-145063","page","type-page","status-publish","hentry"],"yoast_head":"<!-- This site is optimized with the Yoast SEO plugin v27.3 - https:\/\/yoast.com\/product\/yoast-seo-wordpress\/ -->\n<title>Sign In Scheduling (formerly 10to8) | Zenkit<\/title>\n<meta name=\"robots\" content=\"index, follow, max-snippet:-1, max-image-preview:large, max-video-preview:-1\" \/>\n<link rel=\"canonical\" href=\"https:\/\/zenkit.com\/zh-hant\/%e6%95%b4%e5%90%88\/sign-in-scheduling\/\" \/>\n<meta property=\"og:locale\" content=\"zh_TW\" \/>\n<meta property=\"og:type\" content=\"article\" \/>\n<meta property=\"og:title\" content=\"Sign In Scheduling (formerly 10to8) | Zenkit\" \/>\n<meta property=\"og:description\" content=\"Terminplanungs Integrationen Sign In Scheduling (former [&hellip;]\" \/>\n<meta property=\"og:url\" content=\"https:\/\/zenkit.com\/zh-hant\/%e6%95%b4%e5%90%88\/sign-in-scheduling\/\" \/>\n<meta property=\"og:site_name\" content=\"Zenkit\" \/>\n<meta property=\"article:publisher\" content=\"https:\/\/www.facebook.com\/ZenkitHQ\" \/>\n<meta property=\"article:modified_time\" content=\"2025-11-04T05:53:18+00:00\" \/>\n<meta property=\"og:image\" content=\"https:\/\/zenkit.com\/wp-content\/uploads\/2025\/07\/sign-in-scheduling-formerly-10to8-logo.webp\" \/>\n<meta name=\"twitter:card\" content=\"summary_large_image\" \/>\n<meta name=\"twitter:site\" content=\"@ZenkitHQ\" \/>\n<meta name=\"twitter:label1\" content=\"\u9810\u4f30\u95b1\u8b80\u6642\u9593\" \/>\n\t<meta name=\"twitter:data1\" content=\"2 \u5206\u9418\" \/>\n<script type=\"application\/ld+json\" class=\"yoast-schema-graph\">{\"@context\":\"https:\\\/\\\/schema.org\",\"@graph\":[{\"@type\":\"WebPage\",\"@id\":\"https:\\\/\\\/zenkit.com\\\/zh-hant\\\/%e6%95%b4%e5%90%88\\\/sign-in-scheduling\\\/\",\"url\":\"https:\\\/\\\/zenkit.com\\\/zh-hant\\\/%e6%95%b4%e5%90%88\\\/sign-in-scheduling\\\/\",\"name\":\"Sign In Scheduling (formerly 10to8) | Zenkit\",\"isPartOf\":{\"@id\":\"https:\\\/\\\/zenkit.com\\\/zh-hant\\\/#website\"},\"primaryImageOfPage\":{\"@id\":\"https:\\\/\\\/zenkit.com\\\/zh-hant\\\/%e6%95%b4%e5%90%88\\\/sign-in-scheduling\\\/#primaryimage\"},\"image\":{\"@id\":\"https:\\\/\\\/zenkit.com\\\/zh-hant\\\/%e6%95%b4%e5%90%88\\\/sign-in-scheduling\\\/#primaryimage\"},\"thumbnailUrl\":\"https:\\\/\\\/zenkit.com\\\/wp-content\\\/uploads\\\/2025\\\/07\\\/sign-in-scheduling-formerly-10to8-logo.webp\",\"datePublished\":\"2025-07-27T23:11:47+00:00\",\"dateModified\":\"2025-11-04T05:53:18+00:00\",\"breadcrumb\":{\"@id\":\"https:\\\/\\\/zenkit.com\\\/zh-hant\\\/%e6%95%b4%e5%90%88\\\/sign-in-scheduling\\\/#breadcrumb\"},\"inLanguage\":\"zh-TW\",\"potentialAction\":[{\"@type\":\"ReadAction\",\"target\":[\"https:\\\/\\\/zenkit.com\\\/zh-hant\\\/%e6%95%b4%e5%90%88\\\/sign-in-scheduling\\\/\"]}]},{\"@type\":\"ImageObject\",\"inLanguage\":\"zh-TW\",\"@id\":\"https:\\\/\\\/zenkit.com\\\/zh-hant\\\/%e6%95%b4%e5%90%88\\\/sign-in-scheduling\\\/#primaryimage\",\"url\":\"https:\\\/\\\/zenkit.com\\\/wp-content\\\/uploads\\\/2025\\\/07\\\/sign-in-scheduling-formerly-10to8-logo.webp\",\"contentUrl\":\"https:\\\/\\\/zenkit.com\\\/wp-content\\\/uploads\\\/2025\\\/07\\\/sign-in-scheduling-formerly-10to8-logo.webp\"},{\"@type\":\"BreadcrumbList\",\"@id\":\"https:\\\/\\\/zenkit.com\\\/zh-hant\\\/%e6%95%b4%e5%90%88\\\/sign-in-scheduling\\\/#breadcrumb\",\"itemListElement\":[{\"@type\":\"ListItem\",\"position\":1,\"name\":\"Home\",\"item\":\"https:\\\/\\\/zenkit.com\\\/zh-hant\\\/\"},{\"@type\":\"ListItem\",\"position\":2,\"name\":\"Integrations\",\"item\":\"https:\\\/\\\/zenkit.com\\\/zh-hant\\\/%e6%95%b4%e5%90%88\\\/\"},{\"@type\":\"ListItem\",\"position\":3,\"name\":\"Sign In Scheduling (formerly 10to8)\"}]},{\"@type\":\"WebSite\",\"@id\":\"https:\\\/\\\/zenkit.com\\\/zh-hant\\\/#website\",\"url\":\"https:\\\/\\\/zenkit.com\\\/zh-hant\\\/\",\"name\":\"Zenkit\",\"description\":\"Zenkit Tagline\",\"potentialAction\":[{\"@type\":\"SearchAction\",\"target\":{\"@type\":\"EntryPoint\",\"urlTemplate\":\"https:\\\/\\\/zenkit.com\\\/zh-hant\\\/?s={search_term_string}\"},\"query-input\":{\"@type\":\"PropertyValueSpecification\",\"valueRequired\":true,\"valueName\":\"search_term_string\"}}],\"inLanguage\":\"zh-TW\"},false]}<\/script>\n<!-- \/ Yoast SEO plugin. -->","yoast_head_json":{"title":"Sign In Scheduling (formerly 10to8) | Zenkit","robots":{"index":"index","follow":"follow","max-snippet":"max-snippet:-1","max-image-preview":"max-image-preview:large","max-video-preview":"max-video-preview:-1"},"canonical":"https:\/\/zenkit.com\/zh-hant\/%e6%95%b4%e5%90%88\/sign-in-scheduling\/","og_locale":"zh_TW","og_type":"article","og_title":"Sign In Scheduling (formerly 10to8) | Zenkit","og_description":"Terminplanungs Integrationen Sign In Scheduling (former [&hellip;]","og_url":"https:\/\/zenkit.com\/zh-hant\/%e6%95%b4%e5%90%88\/sign-in-scheduling\/","og_site_name":"Zenkit","article_publisher":"https:\/\/www.facebook.com\/ZenkitHQ","article_modified_time":"2025-11-04T05:53:18+00:00","og_image":[{"url":"https:\/\/zenkit.com\/wp-content\/uploads\/2025\/07\/sign-in-scheduling-formerly-10to8-logo.webp","type":"","width":"","height":""}],"twitter_card":"summary_large_image","twitter_site":"@ZenkitHQ","twitter_misc":{"\u9810\u4f30\u95b1\u8b80\u6642\u9593":"2 \u5206\u9418"},"schema":{"@context":"https:\/\/schema.org","@graph":[{"@type":"WebPage","@id":"https:\/\/zenkit.com\/zh-hant\/%e6%95%b4%e5%90%88\/sign-in-scheduling\/","url":"https:\/\/zenkit.com\/zh-hant\/%e6%95%b4%e5%90%88\/sign-in-scheduling\/","name":"Sign In Scheduling (formerly 10to8) | Zenkit","isPartOf":{"@id":"https:\/\/zenkit.com\/zh-hant\/#website"},"primaryImageOfPage":{"@id":"https:\/\/zenkit.com\/zh-hant\/%e6%95%b4%e5%90%88\/sign-in-scheduling\/#primaryimage"},"image":{"@id":"https:\/\/zenkit.com\/zh-hant\/%e6%95%b4%e5%90%88\/sign-in-scheduling\/#primaryimage"},"thumbnailUrl":"https:\/\/zenkit.com\/wp-content\/uploads\/2025\/07\/sign-in-scheduling-formerly-10to8-logo.webp","datePublished":"2025-07-27T23:11:47+00:00","dateModified":"2025-11-04T05:53:18+00:00","breadcrumb":{"@id":"https:\/\/zenkit.com\/zh-hant\/%e6%95%b4%e5%90%88\/sign-in-scheduling\/#breadcrumb"},"inLanguage":"zh-TW","potentialAction":[{"@type":"ReadAction","target":["https:\/\/zenkit.com\/zh-hant\/%e6%95%b4%e5%90%88\/sign-in-scheduling\/"]}]},{"@type":"ImageObject","inLanguage":"zh-TW","@id":"https:\/\/zenkit.com\/zh-hant\/%e6%95%b4%e5%90%88\/sign-in-scheduling\/#primaryimage","url":"https:\/\/zenkit.com\/wp-content\/uploads\/2025\/07\/sign-in-scheduling-formerly-10to8-logo.webp","contentUrl":"https:\/\/zenkit.com\/wp-content\/uploads\/2025\/07\/sign-in-scheduling-formerly-10to8-logo.webp"},{"@type":"BreadcrumbList","@id":"https:\/\/zenkit.com\/zh-hant\/%e6%95%b4%e5%90%88\/sign-in-scheduling\/#breadcrumb","itemListElement":[{"@type":"ListItem","position":1,"name":"Home","item":"https:\/\/zenkit.com\/zh-hant\/"},{"@type":"ListItem","position":2,"name":"Integrations","item":"https:\/\/zenkit.com\/zh-hant\/%e6%95%b4%e5%90%88\/"},{"@type":"ListItem","position":3,"name":"Sign In Scheduling (formerly 10to8)"}]},{"@type":"WebSite","@id":"https:\/\/zenkit.com\/zh-hant\/#website","url":"https:\/\/zenkit.com\/zh-hant\/","name":"Zenkit","description":"Zenkit Tagline","potentialAction":[{"@type":"SearchAction","target":{"@type":"EntryPoint","urlTemplate":"https:\/\/zenkit.com\/zh-hant\/?s={search_term_string}"},"query-input":{"@type":"PropertyValueSpecification","valueRequired":true,"valueName":"search_term_string"}}],"inLanguage":"zh-TW"},false]}},"yasr_visitor_votes":{"stars_attributes":{"read_only":false,"span_bottom":false},"number_of_votes":0,"sum_votes":0},"_links":{"self":[{"href":"https:\/\/zenkit.com\/zh-hant\/wp-json\/wp\/v2\/pages\/145063","targetHints":{"allow":["GET"]}}],"collection":[{"href":"https:\/\/zenkit.com\/zh-hant\/wp-json\/wp\/v2\/pages"}],"about":[{"href":"https:\/\/zenkit.com\/zh-hant\/wp-json\/wp\/v2\/types\/page"}],"author":[{"embeddable":true,"href":"https:\/\/zenkit.com\/zh-hant\/wp-json\/wp\/v2\/users\/9"}],"replies":[{"embeddable":true,"href":"https:\/\/zenkit.com\/zh-hant\/wp-json\/wp\/v2\/comments?post=145063"}],"version-history":[{"count":0,"href":"https:\/\/zenkit.com\/zh-hant\/wp-json\/wp\/v2\/pages\/145063\/revisions"}],"up":[{"embeddable":true,"href":"https:\/\/zenkit.com\/zh-hant\/wp-json\/wp\/v2\/pages\/131929"}],"wp:attachment":[{"href":"https:\/\/zenkit.com\/zh-hant\/wp-json\/wp\/v2\/media?parent=145063"}],"curies":[{"name":"wp","href":"https:\/\/api.w.org\/{rel}","templated":true}]}}