{"id":72248,"date":"2019-09-12T16:38:30","date_gmt":"2019-09-12T14:38:30","guid":{"rendered":"https:\/\/zenkit.com\/suite\/%e8%a7%a3%e6%b1%ba%e6%96%b9%e6%a1%88\/event-management\/"},"modified":"2025-09-05T17:03:17","modified_gmt":"2025-09-05T15:03:17","slug":"event-management","status":"publish","type":"page","link":"https:\/\/zenkit.com\/zh-hant\/suite\/event-management\/","title":{"rendered":"Event Management"},"content":{"rendered":"\n<div class=\"wp-block-group has-global-padding is-layout-constrained wp-block-group-is-layout-constrained\">\n<div class=\"wp-block-group width--950 has-global-padding is-layout-constrained wp-block-group-is-layout-constrained\">\n<div style=\"height:45px;--tablet-height:45px;--mobile-height:16px\" class=\"wp-block-lookeen-blocks-responsive-spacer\"><\/div>\n\n\n\n<div class=\"wp-block-group has-global-padding is-layout-constrained wp-block-group-is-layout-constrained\">\n<h1 class=\"wp-block-heading has-text-align-center\" style=\"margin-bottom:8px\">\u548cZenkit\u4e00\u8d77\u7ba1\u7406\u6d3b\u52d5<\/h1>\n<\/div>\n\n\n\n<div class=\"wp-block-group has-global-padding is-layout-constrained wp-block-group-is-layout-constrained\">\n<p class=\"has-text-align-center subheading\">\u653e\u773c\u5927\u5c40\u53bb\u4f01\u5283\uff0c\u4e0d\u653e\u904e\u4efb\u4f55\u7d30\u7bc0<\/p>\n<\/div>\n\n\n\n<div style=\"height:48px;--tablet-height:36px;--mobile-height:24px\" class=\"wp-block-lookeen-blocks-responsive-spacer\"><\/div>\n<\/div>\n<\/div>\n\n\n\n<div class=\"wp-block-group has-global-padding is-layout-constrained wp-block-group-is-layout-constrained\">\n<div class=\"wp-block-columns is-layout-flex wp-container-core-columns-is-layout-28f84493 wp-block-columns-is-layout-flex\">\n<div class=\"wp-block-column is-layout-flow wp-block-column-is-layout-flow\">\n<p class=\"has-text-align-center\">\u5982\u540c\u4efb\u4f55\u5927\u578b\u5c08\u6848\u4e00\u822c\uff0c\u6210\u529f\u7ba1\u7406\u4e00\u500b\u6d3b\u52d5\u5fc5\u9808\u540c\u6642\u8ffd\u8e64\u4e0a\u5343\u500b\u8b8a\u52d5\u74b0\u7bc0\u3002\u6d3b\u52d5\u4f01\u5283\u7d93\u7406\u901a\u5e38\u9700\u8981\u8ca0\u8cac\u7b56\u5283\u3001\u6392\u7a0b\u3001\u9810\u8a02\u3001\u8a2d\u8a08\u7b49\u5de5\u4f5c\uff0c\u7bc4\u570d\u6db5\u84cb\u751a\u5ee3\u4e14\u8907\u96dc\u3002<\/p>\n\n\n\n<p class=\"has-text-align-center\">\u6d3b\u52d5\u4f01\u5283\u7684\u95dc\u9375\u5728\u65bc\u7d44\u7e54\u8207\u7ba1\u7406\u7684\u80fd\u529b\u3002\u4e0d\u8ad6\u662f\u6703\u8b70\u3001\u5a5a\u79ae\u3001\u5b69\u5b50\u7684\u6176\u751f\u6d3e\u5c0d\uff0c\u9084\u662f\u5927\u578b\u7684\u7bc0\u76ee\u548c\u6d3b\u52d5\uff0cZenkit\u90fd\u80fd\u64d4\u4efb\u60a8\u6700\u4f73\u7684\u795e\u968a\u53cb\u3002<\/p>\n<\/div>\n\n\n\n<div class=\"wp-block-column is-layout-flow wp-block-column-is-layout-flow\">\n<p class=\"has-text-align-center\">Egal ob Sie ein Konzept via Mind-Map entwickeln, einen Masterplan erstellen oder den Veranstaltungsplan ver\u00f6ffentlichen m\u00f6chten \u2013 Mit Zenkit l\u00e4sst sich jeder Schritt einer Veranstaltung planen.<\/p>\n\n\n\n<p class=\"has-text-align-center\">Mit Zenkit behalten Sie den \u00dcberblick \u00fcber Mitarbeiter, Veranstaltungsorte, Budgets, G\u00e4ste, Werbeaktionen und mehr. Verwenden Sie unsere bew\u00e4hrten Vorlagen, oder erstellen Sie sich Ihren eigenen Plan mit verschiedenen Zenkit Bausteinen.<\/p>\n<\/div>\n<\/div>\n<\/div>\n\n\n\n<div class=\"wp-block-group has-global-padding is-layout-constrained wp-block-group-is-layout-constrained\">\n<div style=\"height:88px;--tablet-height:72px;--mobile-height:36px\" class=\"wp-block-lookeen-blocks-responsive-spacer\"><\/div>\n\n\n\n<div class=\"wp-block-group solutions__grid has-global-padding is-layout-constrained wp-block-group-is-layout-constrained\">\n<div class=\"wp-block-group solutions__box has-global-padding is-layout-constrained wp-block-group-is-layout-constrained\" style=\"border-radius:20px\">\n<div class=\"wp-block-group has-global-padding is-layout-constrained wp-block-group-is-layout-constrained\" style=\"margin-bottom:24px\">\n<figure class=\"wp-block-image aligncenter size-full\"><img loading=\"lazy\" decoding=\"async\" width=\"500\" height=\"296\" src=\"https:\/\/zenkit.com\/wp-content\/uploads\/2025\/05\/major-event-masterplan.webp\" alt=\"Masterplan f\u00fcr Gro\u00dfveranstaltungen\" class=\"wp-image-112381\" srcset=\"https:\/\/zenkit.com\/wp-content\/uploads\/2025\/05\/major-event-masterplan.webp 500w, https:\/\/zenkit.com\/wp-content\/uploads\/2025\/05\/major-event-masterplan-300x178.webp 300w\" sizes=\"auto, (max-width: 500px) 100vw, 500px\" \/><\/figure>\n<\/div>\n\n\n\n<div class=\"wp-block-group has-global-padding is-layout-constrained wp-container-core-group-is-layout-bdda2a7d wp-block-group-is-layout-constrained\" style=\"padding-right:30px;padding-bottom:32px;padding-left:30px\">\n<h3 class=\"wp-block-heading has-text-align-center\">Masterplan f\u00fcr Gro\u00dfveranstaltungen<\/h3>\n\n\n\n<p class=\"has-text-align-center has-da-grey-1-color has-text-color has-link-color wp-elements-28d6c1342d81b1257a922c1a1f2d1ff7\">Planen Sie alles von Unterhaltung bis hin zu Catering und Terminplanung mit Zenkit.<\/p>\n<\/div>\n<\/div>\n\n\n\n<div class=\"wp-block-group solutions__box has-global-padding is-layout-constrained wp-block-group-is-layout-constrained\" style=\"border-radius:20px\">\n<div class=\"wp-block-group has-global-padding is-layout-constrained wp-block-group-is-layout-constrained\" style=\"margin-bottom:24px\">\n<figure class=\"wp-block-image aligncenter size-full\"><img loading=\"lazy\" decoding=\"async\" width=\"500\" height=\"296\" src=\"https:\/\/zenkit.com\/wp-content\/uploads\/2025\/05\/conference.webp\" alt=\"Konferenzplanung\" class=\"wp-image-112399\" srcset=\"https:\/\/zenkit.com\/wp-content\/uploads\/2025\/05\/conference.webp 500w, https:\/\/zenkit.com\/wp-content\/uploads\/2025\/05\/conference-300x178.webp 300w\" sizes=\"auto, (max-width: 500px) 100vw, 500px\" \/><\/figure>\n<\/div>\n\n\n\n<div class=\"wp-block-group has-global-padding is-layout-constrained wp-container-core-group-is-layout-bdda2a7d wp-block-group-is-layout-constrained\" style=\"padding-right:30px;padding-bottom:32px;padding-left:30px\">\n<h3 class=\"wp-block-heading has-text-align-center\">Konferenzplanung<\/h3>\n\n\n\n<p class=\"has-text-align-center has-da-grey-1-color has-text-color has-link-color wp-elements-79e8c799fa87c412abc3ba8f82ab5b23\">Verwalten Sie Ihre Konferenz in Zenkit: Ver\u00f6ffentlichen Sie Zeitpl\u00e4ne, verwalten Sie die Anwesenheit von G\u00e4sten und verfolgen Sie die Sprecher an einem Ort.<\/p>\n<\/div>\n<\/div>\n\n\n\n<div class=\"wp-block-group solutions__box has-global-padding is-layout-constrained wp-block-group-is-layout-constrained\" style=\"border-radius:20px\">\n<div class=\"wp-block-group has-global-padding is-layout-constrained wp-block-group-is-layout-constrained\" style=\"margin-bottom:24px\">\n<figure class=\"wp-block-image aligncenter size-full\"><img loading=\"lazy\" decoding=\"async\" width=\"500\" height=\"296\" src=\"https:\/\/zenkit.com\/wp-content\/uploads\/2025\/05\/wedding-planning.webp\" alt=\"Hochzeitsplanung\" class=\"wp-image-112409\" srcset=\"https:\/\/zenkit.com\/wp-content\/uploads\/2025\/05\/wedding-planning.webp 500w, https:\/\/zenkit.com\/wp-content\/uploads\/2025\/05\/wedding-planning-300x178.webp 300w\" sizes=\"auto, (max-width: 500px) 100vw, 500px\" \/><\/figure>\n<\/div>\n\n\n\n<div class=\"wp-block-group has-global-padding is-layout-constrained wp-container-core-group-is-layout-bdda2a7d wp-block-group-is-layout-constrained\" style=\"padding-right:30px;padding-bottom:32px;padding-left:30px\">\n<h3 class=\"wp-block-heading has-text-align-center\">Hochzeitsplanung<\/h3>\n\n\n\n<p class=\"has-text-align-center has-da-grey-1-color has-text-color has-link-color wp-elements-7089028b64d5483c10b29c87c76f13fb\">Vom ersten Moodboard bis zur Zeitleiste des Hochzeitstags. Zenkit hat alles, was Sie brauchen, um Ihren besonderen Tag zu planen.<\/p>\n<\/div>\n<\/div>\n\n\n\n<div class=\"wp-block-group solutions__box has-global-padding is-layout-constrained wp-block-group-is-layout-constrained\" style=\"border-radius:20px\">\n<div class=\"wp-block-group has-global-padding is-layout-constrained wp-block-group-is-layout-constrained\" style=\"margin-bottom:24px\">\n<figure class=\"wp-block-image aligncenter size-full\"><img loading=\"lazy\" decoding=\"async\" width=\"500\" height=\"296\" src=\"https:\/\/zenkit.com\/wp-content\/uploads\/2025\/05\/sport-events.webp\" alt=\"Sportveranstaltungen\" class=\"wp-image-112419\" srcset=\"https:\/\/zenkit.com\/wp-content\/uploads\/2025\/05\/sport-events.webp 500w, https:\/\/zenkit.com\/wp-content\/uploads\/2025\/05\/sport-events-300x178.webp 300w\" sizes=\"auto, (max-width: 500px) 100vw, 500px\" \/><\/figure>\n<\/div>\n\n\n\n<div class=\"wp-block-group has-global-padding is-layout-constrained wp-container-core-group-is-layout-bdda2a7d wp-block-group-is-layout-constrained\" style=\"padding-right:30px;padding-bottom:32px;padding-left:30px\">\n<h3 class=\"wp-block-heading has-text-align-center\">Sportveranstaltungen<\/h3>\n\n\n\n<p class=\"has-text-align-center has-da-grey-1-color has-text-color has-link-color wp-elements-ba187b0bd0bdb671bd4df67567a1e59c\">Egal, ob Sie Playoffs der kleinen Liga organisieren oder eine Super Bowl Watch Party veranstalten, Zenkit hat die Werkzeuge, die Sie brauchen, um es zu schaffen.<\/p>\n<\/div>\n<\/div>\n\n\n\n<div class=\"wp-block-group solutions__box has-global-padding is-layout-constrained wp-block-group-is-layout-constrained\" style=\"border-radius:20px\">\n<div class=\"wp-block-group has-global-padding is-layout-constrained wp-block-group-is-layout-constrained\" style=\"margin-bottom:24px\">\n<figure class=\"wp-block-image aligncenter size-full\"><img loading=\"lazy\" decoding=\"async\" width=\"500\" height=\"296\" src=\"https:\/\/zenkit.com\/wp-content\/uploads\/2025\/05\/event-marketing-1.webp\" alt=\"Event-Marketing\" class=\"wp-image-112429\" srcset=\"https:\/\/zenkit.com\/wp-content\/uploads\/2025\/05\/event-marketing-1.webp 500w, https:\/\/zenkit.com\/wp-content\/uploads\/2025\/05\/event-marketing-1-300x178.webp 300w\" sizes=\"auto, (max-width: 500px) 100vw, 500px\" \/><\/figure>\n<\/div>\n\n\n\n<div class=\"wp-block-group has-global-padding is-layout-constrained wp-container-core-group-is-layout-bdda2a7d wp-block-group-is-layout-constrained\" style=\"padding-right:30px;padding-bottom:32px;padding-left:30px\">\n<h3 class=\"wp-block-heading has-text-align-center\">Event-Marketing<\/h3>\n\n\n\n<p class=\"has-text-align-center has-da-grey-1-color has-text-color has-link-color wp-elements-7d5ccb7c2105baceeb9768087a7c7751\">Stellen Sie sicher, dass Sie alles haben, was Sie brauchen, um ein Event reibungslos durchzuf\u00fchren. Behandeln Sie grunds\u00e4tzlich alles au\u00dfer Ticketing mit Zenkit!<\/p>\n<\/div>\n<\/div>\n\n\n\n<div class=\"wp-block-group solutions__box has-global-padding is-layout-constrained wp-block-group-is-layout-constrained\" style=\"border-radius:20px\">\n<div class=\"wp-block-group has-global-padding is-layout-constrained wp-block-group-is-layout-constrained\" style=\"margin-bottom:24px\">\n<figure class=\"wp-block-image aligncenter size-full\"><img loading=\"lazy\" decoding=\"async\" width=\"500\" height=\"296\" src=\"https:\/\/zenkit.com\/wp-content\/uploads\/2025\/05\/festival-management.webp\" alt=\"Festivals\" class=\"wp-image-112439\" srcset=\"https:\/\/zenkit.com\/wp-content\/uploads\/2025\/05\/festival-management.webp 500w, https:\/\/zenkit.com\/wp-content\/uploads\/2025\/05\/festival-management-300x178.webp 300w\" sizes=\"auto, (max-width: 500px) 100vw, 500px\" \/><\/figure>\n<\/div>\n\n\n\n<div class=\"wp-block-group has-global-padding is-layout-constrained wp-container-core-group-is-layout-bdda2a7d wp-block-group-is-layout-constrained\" style=\"padding-right:30px;padding-bottom:32px;padding-left:30px\">\n<h3 class=\"wp-block-heading has-text-align-center\">Festivals<\/h3>\n\n\n\n<p class=\"has-text-align-center has-da-grey-1-color has-text-color has-link-color wp-elements-963f392cf6aa6fb575a71fe698772b52\">Koordinieren Sie von der Gr\u00fcndung bis zur gro\u00dfen Show alles von K\u00fcnstlermanagement und Freiwilligenarbeit bis hin zu Sicherheit und Catering.<\/p>\n<\/div>\n<\/div>\n\n\n\n<div class=\"wp-block-group solutions__box has-global-padding is-layout-constrained wp-block-group-is-layout-constrained\" style=\"border-radius:20px\">\n<div class=\"wp-block-group has-global-padding is-layout-constrained wp-block-group-is-layout-constrained\" style=\"margin-bottom:24px\">\n<figure class=\"wp-block-image aligncenter size-full\"><img loading=\"lazy\" decoding=\"async\" width=\"500\" height=\"296\" src=\"https:\/\/zenkit.com\/wp-content\/uploads\/2025\/05\/dinner-party-planning.webp\" alt=\"Dinner-Parties\" class=\"wp-image-112449\" srcset=\"https:\/\/zenkit.com\/wp-content\/uploads\/2025\/05\/dinner-party-planning.webp 500w, https:\/\/zenkit.com\/wp-content\/uploads\/2025\/05\/dinner-party-planning-300x178.webp 300w\" sizes=\"auto, (max-width: 500px) 100vw, 500px\" \/><\/figure>\n<\/div>\n\n\n\n<div class=\"wp-block-group has-global-padding is-layout-constrained wp-container-core-group-is-layout-bdda2a7d wp-block-group-is-layout-constrained\" style=\"padding-right:30px;padding-bottom:32px;padding-left:30px\">\n<h3 class=\"wp-block-heading has-text-align-center\">Dinner-Parties<\/h3>\n\n\n\n<p class=\"has-text-align-center has-da-grey-1-color has-text-color has-link-color wp-elements-0dda9cc7e85ad95412d1fe3350850aec\">Manchmal braucht eine einfache Dinnerparty mehr Planung als Sie denken! Besch\u00e4ftigen Sie sich mit G\u00e4stelisten, Ern\u00e4hrungsbed\u00fcrfnissen, Rezepten und vielem mehr.<\/p>\n<\/div>\n<\/div>\n\n\n\n<div class=\"wp-block-group solutions__box has-global-padding is-layout-constrained wp-block-group-is-layout-constrained\" style=\"border-radius:20px\">\n<div class=\"wp-block-group has-global-padding is-layout-constrained wp-block-group-is-layout-constrained\" style=\"margin-bottom:24px\">\n<figure class=\"wp-block-image aligncenter size-full\"><img loading=\"lazy\" decoding=\"async\" width=\"500\" height=\"296\" src=\"https:\/\/zenkit.com\/wp-content\/uploads\/2025\/05\/birthday.webp\" alt=\"Geburtstagsfeiern\" class=\"wp-image-112459\" srcset=\"https:\/\/zenkit.com\/wp-content\/uploads\/2025\/05\/birthday.webp 500w, https:\/\/zenkit.com\/wp-content\/uploads\/2025\/05\/birthday-300x178.webp 300w\" sizes=\"auto, (max-width: 500px) 100vw, 500px\" \/><\/figure>\n<\/div>\n\n\n\n<div class=\"wp-block-group has-global-padding is-layout-constrained wp-container-core-group-is-layout-bdda2a7d wp-block-group-is-layout-constrained\" style=\"padding-right:30px;padding-bottom:32px;padding-left:30px\">\n<h3 class=\"wp-block-heading has-text-align-center\">Geburtstagsfeiern<\/h3>\n\n\n\n<p class=\"has-text-align-center has-da-grey-1-color has-text-color has-link-color wp-elements-aa5cde319a10c8321f9ae22509a854e3\">Planen Sie jeden gro\u00dfen oder kleinen Geburtstag in Zenkit: Planen Sie alles von G\u00e4sten und Musik bis hin zu Ort, Unterhaltung, Personal und Dekor!<\/p>\n<\/div>\n<\/div>\n<\/div>\n\n\n\n<div style=\"height:88px;--tablet-height:72px;--mobile-height:36px\" class=\"wp-block-lookeen-blocks-responsive-spacer\"><\/div>\n<\/div>\n\n\n\n<div class=\"wp-block-group has-da-blue-light-background-color has-background has-global-padding is-layout-constrained wp-container-core-group-is-layout-bea02a06 wp-block-group-is-layout-constrained\">\n<div style=\"height:88px;--tablet-height:72px;--mobile-height:36px\" class=\"wp-block-lookeen-blocks-responsive-spacer\"><\/div>\n\n\n\n<p class=\"has-text-align-center\">Mit Zenkit sind Sie dazu in der Lage, jede Veranstaltung mit Erfolg zu meistern. Egal ob Sie etwas Kleines f\u00fcr Ihre Freunde planen, die n\u00e4chste Weihnachtsfeier des Unternehmens vorbereiten, oder als professioneller Eventmanager arbeiten.<\/p>\n\n\n\n<div class=\"wp-block-buttons is-content-justification-center is-layout-flex wp-container-core-buttons-is-layout-a89b3969 wp-block-buttons-is-layout-flex\">\n<div class=\"wp-block-button\"><a class=\"wp-block-button__link wp-element-button\" href=\"https:\/\/app.zenkit.com\/register\" target=\"_blank\" rel=\"noreferrer noopener\">Kostenlos beitreten<\/a><\/div>\n<\/div>\n\n\n\n<div style=\"height:88px;--tablet-height:72px;--mobile-height:36px\" class=\"wp-block-lookeen-blocks-responsive-spacer\"><\/div>\n<\/div>\n","protected":false},"excerpt":{"rendered":"<p>\u548cZenkit\u4e00\u8d77\u7ba1\u7406\u6d3b\u52d5 \u653e\u773c\u5927\u5c40\u53bb\u4f01\u5283\uff0c\u4e0d\u653e\u904e\u4efb\u4f55\u7d30\u7bc0 \u5982\u540c\u4efb\u4f55\u5927\u578b\u5c08\u6848\u4e00\u822c\uff0c\u6210\u529f\u7ba1\u7406\u4e00\u500b\u6d3b\u52d5\u5fc5\u9808\u540c\u6642\u8ffd\u8e64 [&hellip;]<\/p>\n","protected":false},"author":30,"featured_media":0,"parent":62366,"menu_order":5,"comment_status":"closed","ping_status":"closed","template":"template-general-flexible.php","meta":{"yasr_overall_rating":0,"yasr_post_is_review":"","yasr_auto_insert_disabled":"","yasr_review_type":"","footnotes":""},"class_list":["post-72248","page","type-page","status-publish","hentry"],"yoast_head":"<!-- This site is optimized with the Yoast SEO plugin v27.4 - https:\/\/yoast.com\/product\/yoast-seo-wordpress\/ -->\n<title>Event Management | Zenkit<\/title>\n<meta name=\"description\" content=\"From selecting locations and managing budges, to scheduling volunteers and booking talent, Zenkit is the perfect addition to any event planner&#039;s toolkit.\" \/>\n<meta name=\"robots\" content=\"index, follow, max-snippet:-1, max-image-preview:large, max-video-preview:-1\" \/>\n<link rel=\"canonical\" href=\"https:\/\/zenkit.com\/zh-hant\/suite\/event-management\/\" \/>\n<meta property=\"og:locale\" content=\"zh_TW\" \/>\n<meta property=\"og:type\" content=\"article\" \/>\n<meta property=\"og:title\" content=\"Event Management | Zenkit\" \/>\n<meta property=\"og:description\" content=\"From selecting locations and managing budges, to scheduling volunteers and booking talent, Zenkit is the perfect addition to any event planner&#039;s toolkit.\" \/>\n<meta property=\"og:url\" content=\"https:\/\/zenkit.com\/zh-hant\/suite\/event-management\/\" \/>\n<meta property=\"og:site_name\" content=\"Zenkit\" \/>\n<meta property=\"article:publisher\" content=\"https:\/\/www.facebook.com\/ZenkitHQ\" \/>\n<meta property=\"article:modified_time\" content=\"2025-09-05T15:03:17+00:00\" \/>\n<meta property=\"og:image\" content=\"https:\/\/zenkit.com\/wp-content\/uploads\/2025\/05\/major-event-masterplan.webp\" \/>\n<meta name=\"twitter:card\" content=\"summary_large_image\" \/>\n<meta name=\"twitter:site\" content=\"@ZenkitHQ\" \/>\n<meta name=\"twitter:label1\" content=\"\u9810\u4f30\u95b1\u8b80\u6642\u9593\" \/>\n\t<meta name=\"twitter:data1\" content=\"1 \u5206\u9418\" \/>\n<script type=\"application\/ld+json\" class=\"yoast-schema-graph\">{\"@context\":\"https:\\\/\\\/schema.org\",\"@graph\":[{\"@type\":\"WebPage\",\"@id\":\"https:\\\/\\\/zenkit.com\\\/zh-hant\\\/suite\\\/event-management\\\/\",\"url\":\"https:\\\/\\\/zenkit.com\\\/zh-hant\\\/suite\\\/event-management\\\/\",\"name\":\"Event Management | Zenkit\",\"isPartOf\":{\"@id\":\"https:\\\/\\\/zenkit.com\\\/zh-hant\\\/#website\"},\"primaryImageOfPage\":{\"@id\":\"https:\\\/\\\/zenkit.com\\\/zh-hant\\\/suite\\\/event-management\\\/#primaryimage\"},\"image\":{\"@id\":\"https:\\\/\\\/zenkit.com\\\/zh-hant\\\/suite\\\/event-management\\\/#primaryimage\"},\"thumbnailUrl\":\"https:\\\/\\\/zenkit.com\\\/wp-content\\\/uploads\\\/2025\\\/05\\\/major-event-masterplan.webp\",\"datePublished\":\"2019-09-12T14:38:30+00:00\",\"dateModified\":\"2025-09-05T15:03:17+00:00\",\"description\":\"From selecting locations and managing budges, to scheduling volunteers and booking talent, Zenkit is the perfect addition to any event planner's toolkit.\",\"breadcrumb\":{\"@id\":\"https:\\\/\\\/zenkit.com\\\/zh-hant\\\/suite\\\/event-management\\\/#breadcrumb\"},\"inLanguage\":\"zh-TW\",\"potentialAction\":[{\"@type\":\"ReadAction\",\"target\":[\"https:\\\/\\\/zenkit.com\\\/zh-hant\\\/suite\\\/event-management\\\/\"]}]},{\"@type\":\"ImageObject\",\"inLanguage\":\"zh-TW\",\"@id\":\"https:\\\/\\\/zenkit.com\\\/zh-hant\\\/suite\\\/event-management\\\/#primaryimage\",\"url\":\"https:\\\/\\\/zenkit.com\\\/wp-content\\\/uploads\\\/2025\\\/05\\\/major-event-masterplan.webp\",\"contentUrl\":\"https:\\\/\\\/zenkit.com\\\/wp-content\\\/uploads\\\/2025\\\/05\\\/major-event-masterplan.webp\"},{\"@type\":\"BreadcrumbList\",\"@id\":\"https:\\\/\\\/zenkit.com\\\/zh-hant\\\/suite\\\/event-management\\\/#breadcrumb\",\"itemListElement\":[{\"@type\":\"ListItem\",\"position\":1,\"name\":\"Home\",\"item\":\"https:\\\/\\\/zenkit.com\\\/zh-hant\\\/\"},{\"@type\":\"ListItem\",\"position\":2,\"name\":\"Zenkit Suite\",\"item\":\"https:\\\/\\\/zenkit.com\\\/zh-hant\\\/suite\\\/\"},{\"@type\":\"ListItem\",\"position\":3,\"name\":\"Event Management\"}]},{\"@type\":\"WebSite\",\"@id\":\"https:\\\/\\\/zenkit.com\\\/zh-hant\\\/#website\",\"url\":\"https:\\\/\\\/zenkit.com\\\/zh-hant\\\/\",\"name\":\"Zenkit\",\"description\":\"Zenkit Tagline\",\"potentialAction\":[{\"@type\":\"SearchAction\",\"target\":{\"@type\":\"EntryPoint\",\"urlTemplate\":\"https:\\\/\\\/zenkit.com\\\/zh-hant\\\/?s={search_term_string}\"},\"query-input\":{\"@type\":\"PropertyValueSpecification\",\"valueRequired\":true,\"valueName\":\"search_term_string\"}}],\"inLanguage\":\"zh-TW\"},false]}<\/script>\n<!-- \/ Yoast SEO plugin. -->","yoast_head_json":{"title":"Event Management | Zenkit","description":"From selecting locations and managing budges, to scheduling volunteers and booking talent, Zenkit is the perfect addition to any event planner's toolkit.","robots":{"index":"index","follow":"follow","max-snippet":"max-snippet:-1","max-image-preview":"max-image-preview:large","max-video-preview":"max-video-preview:-1"},"canonical":"https:\/\/zenkit.com\/zh-hant\/suite\/event-management\/","og_locale":"zh_TW","og_type":"article","og_title":"Event Management | Zenkit","og_description":"From selecting locations and managing budges, to scheduling volunteers and booking talent, Zenkit is the perfect addition to any event planner's toolkit.","og_url":"https:\/\/zenkit.com\/zh-hant\/suite\/event-management\/","og_site_name":"Zenkit","article_publisher":"https:\/\/www.facebook.com\/ZenkitHQ","article_modified_time":"2025-09-05T15:03:17+00:00","og_image":[{"url":"https:\/\/zenkit.com\/wp-content\/uploads\/2025\/05\/major-event-masterplan.webp","type":"","width":"","height":""}],"twitter_card":"summary_large_image","twitter_site":"@ZenkitHQ","twitter_misc":{"\u9810\u4f30\u95b1\u8b80\u6642\u9593":"1 \u5206\u9418"},"schema":{"@context":"https:\/\/schema.org","@graph":[{"@type":"WebPage","@id":"https:\/\/zenkit.com\/zh-hant\/suite\/event-management\/","url":"https:\/\/zenkit.com\/zh-hant\/suite\/event-management\/","name":"Event Management | Zenkit","isPartOf":{"@id":"https:\/\/zenkit.com\/zh-hant\/#website"},"primaryImageOfPage":{"@id":"https:\/\/zenkit.com\/zh-hant\/suite\/event-management\/#primaryimage"},"image":{"@id":"https:\/\/zenkit.com\/zh-hant\/suite\/event-management\/#primaryimage"},"thumbnailUrl":"https:\/\/zenkit.com\/wp-content\/uploads\/2025\/05\/major-event-masterplan.webp","datePublished":"2019-09-12T14:38:30+00:00","dateModified":"2025-09-05T15:03:17+00:00","description":"From selecting locations and managing budges, to scheduling volunteers and booking talent, Zenkit is the perfect addition to any event planner's toolkit.","breadcrumb":{"@id":"https:\/\/zenkit.com\/zh-hant\/suite\/event-management\/#breadcrumb"},"inLanguage":"zh-TW","potentialAction":[{"@type":"ReadAction","target":["https:\/\/zenkit.com\/zh-hant\/suite\/event-management\/"]}]},{"@type":"ImageObject","inLanguage":"zh-TW","@id":"https:\/\/zenkit.com\/zh-hant\/suite\/event-management\/#primaryimage","url":"https:\/\/zenkit.com\/wp-content\/uploads\/2025\/05\/major-event-masterplan.webp","contentUrl":"https:\/\/zenkit.com\/wp-content\/uploads\/2025\/05\/major-event-masterplan.webp"},{"@type":"BreadcrumbList","@id":"https:\/\/zenkit.com\/zh-hant\/suite\/event-management\/#breadcrumb","itemListElement":[{"@type":"ListItem","position":1,"name":"Home","item":"https:\/\/zenkit.com\/zh-hant\/"},{"@type":"ListItem","position":2,"name":"Zenkit Suite","item":"https:\/\/zenkit.com\/zh-hant\/suite\/"},{"@type":"ListItem","position":3,"name":"Event Management"}]},{"@type":"WebSite","@id":"https:\/\/zenkit.com\/zh-hant\/#website","url":"https:\/\/zenkit.com\/zh-hant\/","name":"Zenkit","description":"Zenkit Tagline","potentialAction":[{"@type":"SearchAction","target":{"@type":"EntryPoint","urlTemplate":"https:\/\/zenkit.com\/zh-hant\/?s={search_term_string}"},"query-input":{"@type":"PropertyValueSpecification","valueRequired":true,"valueName":"search_term_string"}}],"inLanguage":"zh-TW"},false]}},"yasr_visitor_votes":{"stars_attributes":{"read_only":false,"span_bottom":false},"number_of_votes":0,"sum_votes":0},"_links":{"self":[{"href":"https:\/\/zenkit.com\/zh-hant\/wp-json\/wp\/v2\/pages\/72248","targetHints":{"allow":["GET"]}}],"collection":[{"href":"https:\/\/zenkit.com\/zh-hant\/wp-json\/wp\/v2\/pages"}],"about":[{"href":"https:\/\/zenkit.com\/zh-hant\/wp-json\/wp\/v2\/types\/page"}],"author":[{"embeddable":true,"href":"https:\/\/zenkit.com\/zh-hant\/wp-json\/wp\/v2\/users\/30"}],"replies":[{"embeddable":true,"href":"https:\/\/zenkit.com\/zh-hant\/wp-json\/wp\/v2\/comments?post=72248"}],"version-history":[{"count":1,"href":"https:\/\/zenkit.com\/zh-hant\/wp-json\/wp\/v2\/pages\/72248\/revisions"}],"predecessor-version":[{"id":135715,"href":"https:\/\/zenkit.com\/zh-hant\/wp-json\/wp\/v2\/pages\/72248\/revisions\/135715"}],"up":[{"embeddable":true,"href":"https:\/\/zenkit.com\/zh-hant\/wp-json\/wp\/v2\/pages\/62366"}],"wp:attachment":[{"href":"https:\/\/zenkit.com\/zh-hant\/wp-json\/wp\/v2\/media?parent=72248"}],"curies":[{"name":"wp","href":"https:\/\/api.w.org\/{rel}","templated":true}]}}