{"id":73022,"date":"2018-07-07T02:43:46","date_gmt":"2018-07-07T00:43:46","guid":{"rendered":"https:\/\/zenkit.com\/%e6%96%b0%e8%81%9e%e7%b4%a0%e6%9d%90%e5%8c%85\/zenkit-launches-major-list-and-collaboration-updates-to-take-on-industry-leaders\/"},"modified":"2025-09-08T14:19:59","modified_gmt":"2025-09-08T12:19:59","slug":"zenkit-launches-major-list-and-collaboration-updates-to-take-on-industry-leaders","status":"publish","type":"page","link":"https:\/\/zenkit.com\/zh-hant\/%e6%96%b0%e8%81%9e%e7%b4%a0%e6%9d%90%e5%8c%85\/zenkit-launches-major-list-and-collaboration-updates-to-take-on-industry-leaders\/","title":{"rendered":"Zenkit launches major list and collaboration updates to take on industry leaders"},"content":{"rendered":"\n<div class=\"wp-block-group page__header has-global-padding is-layout-constrained wp-block-group-is-layout-constrained\">\n<div class=\"wp-block-group width--950 has-global-padding is-layout-constrained wp-block-group-is-layout-constrained\">\n<div style=\"height:45px;--tablet-height:45px;--mobile-height:16px\" class=\"wp-block-lookeen-blocks-responsive-spacer\"><\/div>\n\n\n\n<div class=\"wp-block-group has-global-padding is-layout-constrained wp-block-group-is-layout-constrained\">\n<h1 class=\"wp-block-heading has-text-align-center\" style=\"margin-bottom:8px\">Zenkit\u63a8\u51fa\u91cd\u8981\u7684\u6e05\u55ae\u53ca\u5354\u4f5c\u66f4\u65b0\uff0c\u4ee5\u61c9\u5c0d\u4f01\u696d\u9818\u5c0e\u8005\u7684\u6311\u6230<\/h1>\n<\/div>\n\n\n\n<div class=\"wp-block-group has-global-padding is-layout-constrained wp-block-group-is-layout-constrained\">\n<p class=\"has-text-align-center subheading\">\u5373\u65e5\u8d77\u6240\u6709\u7528\u6236\u7686\u53ef\u4ee5\u4f7f\u7528\u985e\u4f3cWunderlist\u7684\u529f\u80fd<\/p>\n<\/div>\n\n\n\n<div style=\"height:48px;--tablet-height:36px;--mobile-height:24px\" class=\"wp-block-lookeen-blocks-responsive-spacer\"><\/div>\n<\/div>\n<\/div>\n\n\n\n<div class=\"wp-block-group has-global-padding is-layout-constrained wp-block-group-is-layout-constrained\">\n<div class=\"wp-block-columns is-layout-flex wp-container-core-columns-is-layout-28f84493 wp-block-columns-is-layout-flex\">\n<div class=\"wp-block-column is-layout-flow wp-block-column-is-layout-flow\">\n<p><strong>2017\u5e7410\u670812\u65e5\u661f\u671f\u56db\u2014\u2014\u5fb7\u570b\u5361\u723e\u65af\u9b6f\u5384\uff1a<br><\/strong>\u5fb7\u570b\u8edf\u9ad4\u516c\u53f8Axonic\u6b63\u5728\u6539\u8b8a\u7dda\u4e0a\u5c08\u6848\u7ba1\u7406\u89e3\u6c7a\u65b9\u6848\u7684\u5efa\u69cb\u65b9\u5f0f\u3002\u6191\u85c9\u5176\u6700\u65b0\u7684\u5de5\u5177Zenkit\uff0c\u8a72\u516c\u53f8\u5df2\u7d93\u6210\u529f\u5730\u671d\u5411\u5efa\u7acb\u7b2c\u4e00\u500b\u9ad8\u5ea6\u9748\u6d3b\u7684\u5c08\u6848\u7ba1\u7406\u5e73\u53f0\u4e4b\u7e3d\u9ad4\u76ee\u6a19\u9081\u51fa\u4e86\u4e00\u5927\u6b65\u3002<\/p>\n\n\n\n<p>Zenkit\u7cfb\u5217\u7684\u6700\u65b0\u7248\u672c\u662f\u5f9e\u5176\u4ed6\u5e38\u898b\u7684\u5c08\u6848\u7ba1\u7406\u89e3\u6c7a\u65b9\u6848\u9032\u5316\u800c\u4f86\u2500\u2500\u4f8b\u5982Trello\u53caWunderlist\u3002 Trello\u666e\u53ca\u4e86\u7dda\u4e0a\u5c08\u6848\u7ba1\u7406\u770b\u677f\u5f0f\u7684\u5de5\u4f5c\u6d41\u7a0b\uff0c Zenkit\u5df2\u5c07\u770b\u677f\u6a21\u5f0f\u6574\u5408\u65bc\u61c9\u7528\u7a0b\u5f0f\u4e2d\u3002Wunderlist\u63a8\u51fa\u4e86\u6536\u85cf\u53ca\u522a\u9664\u7dda\u7b49\u529f\u80fd\uff0c\u5b83\u4e5f\u662f\u4e00\u500b\u5efa\u7acb\u65bc\u5fb7\u570b\u7684\u5f85\u8fa6\u4e8b\u9805\u61c9\u7528\u7a0b\u5f0f\uff0c\u57282012\u5e74\u6642\u88ab\u5fae\u8edf\u6536\u8cfc\u3002\u64datechcrunch.com\u5831\u5c0e\uff0c\u5fae\u8edf\u8868\u793aWunderlist\u5373\u5c07\u8d70\u5165\u6b77\u53f2\uff0c\u4e26\u7531 ToDo \u53d6\u800c\u4ee3\u4e4b\u3002\u900f\u904e\u9019\u6b21\u65b0\u7248\u672c\u7684\u767c\u5e03\uff0cZenkit\u5c07\u5728\u4e00\u500b\u5de5\u5177\u4e2d\u542b\u62ec\u770b\u677f\u53ca\u6e05\u55ae\u5169\u5927\u529f\u80fd\uff0c\u9019\u5c07\u6709\u52a9\u65bcZenkit\u9032\u4e00\u6b65\u64f4\u5927\u5176\u4f7f\u7528\u8005\u65cf\u7fa4\uff0c\u540c\u6642\u70ba\u770b\u677f\u53ca\u4efb\u52d9\u6e05\u55ae\u7684\u611b\u597d\u8005\u63d0\u4f9b\u4e00\u500b\u53ef\u4ee5\u5b8c\u5168\u81ea\u8a02\u7684\u89e3\u6c7a\u65b9\u6848\uff0c\u4e26\u53ef\u4f7f\u7528\u66f4\u591a\u7684\u9644\u52a0\u529f\u80fd\u3002<\/p>\n\n\n\n<p>\u6700\u65b0\u7248\u672c\u5305\u542b\u4e86\u300c\u6211\u7684\u6700\u611b\u300d\uff0c\u4f7f\u7528\u8005\u80fd\u5728\u500b\u4eba\u8cc7\u6599\u4e2d\u6a19\u8a18items \uff0c\u4ee5\u65b9\u4fbf\u5feb\u901f\u67e5\u627e\u3002\u300c\u6211\u7684\u5718\u968a\u300d\u63d0\u4f9b\u4e86\u4e00\u500b\u65b0\u7684\u7a7a\u9593\uff0c\u8b93\u4f7f\u7528\u8005\u80fd\u5728\u5404\u81ea\u7684\u6a94\u6848\u4e2d\u700f\u89bd\u6574\u500b\u5718\u968a\u6210\u54e1\u500b\u5225\u88ab\u5206\u914d\u7684items\uff0c\u540c\u6642\u67e5\u770b\u53ca\u59d4\u6d3eitems\u7d66\u5718\u968a\u6210\u54e1\u3002\u300c\u4efb\u52d9\u7ba1\u7406\u300d\u7684\u64f4\u5145\u7a0b\u5f0f\uff0c\u8b93\u4f7f\u7528\u8005\u80fd\u5920\u8f15\u9b06\u5efa\u7acb\u3001\u7de8\u8f2f\u53ca\u5206\u4eab\u5f85\u8fa6\u4e8b\u9805\u6e05\u55ae\u3002\u53e6\u5916\uff0c\u4f7f\u7528\u8005\u73fe\u5728\u80fd\u76f4\u63a5\u5f9e\u4ed6\u5011\u7684Wunderlist\u5e33\u865f\u9023\u7d50\u500b\u4eba\u6e05\u55ae\u3002<\/p>\n\n\n\n<p>Axonic\u5275\u8fa6\u4eba\u517c\u57f7\u884c\u9577 Martin Welker \u5c0d\u6e05\u55ae\u5f0f\u53ca\u50b3\u7d71\u770b\u677f\u61c9\u7528\u8edf\u9ad4\u4e4b\u65bc\u4f7f\u7528\u8005\u7684\u597d\u8655\uff0c\u62b1\u6301\u80af\u5b9a\u7684\u614b\u5ea6\u3002\u300c\u5e02\u9762\u4e0a\u6240\u6709\u53ef\u7372\u5f97\u7684\u5de5\u5177\u4e2d\uff0c\u7686\u6709\u6975\u5176\u4e0d\u540c\u8207\u7279\u6b8a\u7684\u529f\u80fd\uff0c\u6bcf\u9593\u4f01\u696d\u548c\u516c\u53f8\u53ef\u5f9e\u773e\u591a\u7522\u54c1\u5de5\u5177\u4e2d\u53bb\u505a\u9078\u64c7\u3002\u5c24\u5176\u5728\u5c08\u6848\u7ba1\u7406\u4e0a\uff0c\u6211\u5011\u76f8\u4fe1\u7528\u6236\u6709\u6b0a\u6c7a\u5b9a\u54ea\u7a2e\u529f\u80fd\u6700\u9069\u5408\u76ee\u524d\u7684\u60c5\u6cc1\u53ca\u5de5\u4f5c\u6d41\u7a0b\uff0c\u800c\u4f7f\u7528\u8005\u4e5f\u61c9\u8a72\u80fd\u5920\u5728\u9700\u8981\u6642\uff0c\u76f4\u63a5\u5728\u9019\u4e9b\u529f\u80fd\u4e2d\u9032\u884c\u5207\u63db\uff0c\u800c\u4e0d\u9700\u8981\u4e00\u76f4\u5728\u4e0d\u540c\u7684\u8edf\u9ad4\u5de5\u5177\u4e2d\u8f49\u63db\u3002Zenkit\u81f4\u529b\u65bc\u70ba\u7528\u6236\u63d0\u4f9b\u6700\u5f48\u6027\u7684\u4f7f\u7528\u65b9\u5f0f\uff0c\u4f86\u9f13\u52f5\u81ea\u8a02\u529f\u80fd\u4e26\u6fc0\u767c\u5275\u9020\u529b\u3002\u300d<\/p>\n<\/div>\n\n\n\n<div class=\"wp-block-column is-layout-flow wp-block-column-is-layout-flow\">\n<p>\u300c\u7576\u5fae\u8edf\u8aaa\u4ed6\u5011\u8981\u4e0b\u67b6Wunderlist\u6642\uff0c\u6211\u5011\u6c7a\u5b9a\u628a\u9019\u4e9b\u529f\u80fd\u52a0\u5165Zenkit\u3002\u5c0d\u6b64\uff0c\u6211\u611f\u5230\u5341\u5206\u8208\u596e\u3002\u6709\u53f2\u4ee5\u4f86\u7b2c\u4e00\u6b21\uff0c\u4f7f\u7528\u8005\u53ef\u4ee5\u5728\u6e05\u55ae\u548c\u770b\u677f\u9593\u96a8\u610f\u5207\u63db\uff0c\u4e14\u4e0d\u6703\u4e1f\u5931\u4efb\u4f55\u8a0a\u606f\u3002\u73fe\u5728\uff0c\u6211\u5011\u7d42\u65bc\u53ef\u4ee5\u548c\u9019\u5169\u500b\u529f\u80fd\u540c\u6642\u548c\u5e73\u5171\u8655\u4e86\u3002\u300d<\/p>\n\n\n\n<p>\u8fd1\u671fZenkit\u767c\u5e03iOS\u61c9\u7528\u7a0b\u5f0f\uff0c\u4e26\u8a08\u5283\u65bc\u4eca\u5e74\u4e0b\u534a\u5e74\u5ea6\u767c\u5e03Android\u61c9\u7528\u7a0b\u5f0f\u3002\u5f9e\u9577\u9060\u4f86\u770b\uff0c\u70ba\u4e86\u65b9\u4fbf\u4f01\u696d\u80fd\u5920\u5efa\u7acb\u81ea\u8a02\u5de5\u5177\u4f86\u71df\u904b\u516c\u53f8\uff0cAxonic\u8a08\u5283\u64f4\u5927Zenkit\u7684\u5404\u7a2e\u4f01\u696d\u529f\u80fd\u3002<\/p>\n\n\n\n<p><strong>\u95dc\u65bcZenkit\uff1a<br><\/strong>Zenkit\u662f\u7531\u5fb7\u570b\u516c\u53f8Axonic GmbH\u767c\u884c\u7684\u4e00\u500b\u5c08\u6848\u7ba1\u7406\u53ca\u8cc7\u6599\u5eab\u5efa\u7acb\u5e73\u53f0\uff0c\u65bc2016\u5e74\u5341\u6708\u63a8\u51fa\u3002<\/p>\n\n\n\n<p><strong>\u95dc\u65bcAxonic\uff1a<br><\/strong>Axonic GmbH\u70ba\u4e00\u5bb6\u79c1\u71df\u8edf\u9ad4\u516c\u53f8\uff0c\u5c08\u6ce8\u65bc\u8cc7\u8a0a\u3001\u901a\u8a0a\u53ca\u8b58\u5225\u7684\u6280\u8853\u670d\u52d9\u3002\u8a72\u516c\u53f8\u4f4d\u65bc\u5fb7\u570b\u5361\u723e\u65af\u9b6f\u5384\uff0c2003\u5e74\u7531Martin Welker\u5275\u7acb\u3002\u5341\u9918\u5e74\u4f86\uff0cAxonic\u6210\u529f\u5730\u958b\u767c\u5404\u7a2e\u8edf\u9ad4\u65bc\u4eba\u5de5\u667a\u6167\u3001\u8cc7\u8a0a\u53ca\u8cc7\u6599\u641c\u96c6\u7684\u9818\u57df\u4e0a\u30022002\u5e74\u4ee5\u4f86\uff0c\u4ed6\u5011\u7684\u4e3b\u529b\u7814\u7a76\u65b9\u5411\u70ba \u201c\u901a\u8a0a\u667a\u6167 \u201d \u2013 \u901a\u8a0a\u7684\u5206\u6790\u4ee5\u53ca\u5c55\u793a\u3002 \u73fe\u4ecaAxonic\u5df2\u767c\u5e03\u4e86\u516d\u9805\u4e3b\u8981\u7522\u54c1\uff0c\u5728\u5168\u4e16\u754c\u6709\u8d85\u904e\u4e94\u767e\u842c\u7684\u4f7f\u7528\u8005\u3002<\/p>\n\n\n\n<p><strong>\u5176\u4ed6\u6d88\u606f\uff1a<\/strong><br><a href=\"https:\/\/techcrunch.com\/2017\/04\/19\/microsoft-to-shut-down-wunderlist-in-favor-of-its-new-app-to-do\/\" target=\"_blank\" rel=\"noreferrer noopener\">https:\/\/techcrunch.com\/2017\/04\/19\/microsoft-to-shut-down-wunderlist-in-favor-of-its-new-app-to-do\/<\/a><br><a href=\"https:\/\/thenextweb.com\/apps\/2017\/10\/03\/zenkits-first-mobile-app-could-spell-trouble-for-trello\">https:\/\/thenextweb.com\/apps\/2017\/10\/03\/zenkits-first-mobile-app-could-spell-trouble-for-trello<\/a><\/p>\n<\/div>\n<\/div>\n<\/div>\n\n\n\n<div class=\"wp-block-group has-global-padding is-layout-constrained wp-block-group-is-layout-constrained\">\n<div style=\"height:88px;--tablet-height:72px;--mobile-height:40px\" class=\"wp-block-lookeen-blocks-responsive-spacer\"><\/div>\n\n\n\n<div class=\"wp-block-group has-global-padding is-layout-constrained wp-container-core-group-is-layout-41c06ba8 wp-block-group-is-layout-constrained\">\n<figure class=\"wp-block-image aligncenter size-full box__shadow border-radius--20 overflow__hidden\"><img loading=\"lazy\" decoding=\"async\" width=\"1024\" height=\"538\" src=\"https:\/\/zenkit.com\/wp-content\/uploads\/2025\/05\/base-1024x538-1.webp\" alt=\"Zenkit f\u00fchrt wichtige Updates f\u00fcr Listen und Zusammenarbeit ein, um es mit den Branchenf\u00fchrern aufzunehmen\" class=\"wp-image-115465\" srcset=\"https:\/\/zenkit.com\/wp-content\/uploads\/2025\/05\/base-1024x538-1.webp 1024w, https:\/\/zenkit.com\/wp-content\/uploads\/2025\/05\/base-1024x538-1-300x158.webp 300w, https:\/\/zenkit.com\/wp-content\/uploads\/2025\/05\/base-1024x538-1-768x404.webp 768w\" sizes=\"auto, (max-width: 1024px) 100vw, 1024px\" \/><\/figure>\n<\/div>\n<\/div>\n\n\n\n<div style=\"height:110px;--tablet-height:60px;--mobile-height:48px\" class=\"wp-block-lookeen-blocks-responsive-spacer\"><\/div>\n","protected":false},"excerpt":{"rendered":"<p>Zenkit\u63a8\u51fa\u91cd\u8981\u7684\u6e05\u55ae\u53ca\u5354\u4f5c\u66f4\u65b0\uff0c\u4ee5\u61c9\u5c0d\u4f01\u696d\u9818\u5c0e\u8005\u7684\u6311\u6230 \u5373\u65e5\u8d77\u6240\u6709\u7528\u6236\u7686\u53ef\u4ee5\u4f7f\u7528\u985e\u4f3cWunderlist [&hellip;]<\/p>\n","protected":false},"author":30,"featured_media":0,"parent":61680,"menu_order":0,"comment_status":"closed","ping_status":"closed","template":"","meta":{"yasr_overall_rating":0,"yasr_post_is_review":"","yasr_auto_insert_disabled":"","yasr_review_type":"","footnotes":""},"class_list":["post-73022","page","type-page","status-publish","hentry"],"yoast_head":"<!-- This site is optimized with the Yoast SEO plugin v27.4 - https:\/\/yoast.com\/product\/yoast-seo-wordpress\/ -->\n<title>Zenkit Takes on Industry Leaders with List &amp; Collaboration Updates | Zenkit<\/title>\n<meta name=\"description\" content=\"With Zenkit, Axonic has successfully made a big step towards its overall aim of creating the first truly flexible project management platform.\" \/>\n<meta name=\"robots\" content=\"index, follow, max-snippet:-1, max-image-preview:large, max-video-preview:-1\" \/>\n<link rel=\"canonical\" href=\"https:\/\/zenkit.com\/zh-hant\/%e6%96%b0%e8%81%9e%e7%b4%a0%e6%9d%90%e5%8c%85\/zenkit-launches-major-list-and-collaboration-updates-to-take-on-industry-leaders\/\" \/>\n<meta property=\"og:locale\" content=\"zh_TW\" \/>\n<meta property=\"og:type\" content=\"article\" \/>\n<meta property=\"og:title\" content=\"Zenkit Takes on Industry Leaders with List &amp; Collaboration Updates | Zenkit\" \/>\n<meta property=\"og:description\" content=\"With Zenkit, Axonic has successfully made a big step towards its overall aim of creating the first truly flexible project management platform.\" \/>\n<meta property=\"og:url\" content=\"https:\/\/zenkit.com\/zh-hant\/%e6%96%b0%e8%81%9e%e7%b4%a0%e6%9d%90%e5%8c%85\/zenkit-launches-major-list-and-collaboration-updates-to-take-on-industry-leaders\/\" \/>\n<meta property=\"og:site_name\" content=\"Zenkit\" \/>\n<meta property=\"article:publisher\" content=\"https:\/\/www.facebook.com\/ZenkitHQ\" \/>\n<meta property=\"article:modified_time\" content=\"2025-09-08T12:19:59+00:00\" \/>\n<meta property=\"og:image\" content=\"https:\/\/zenkit.com\/wp-content\/uploads\/2025\/05\/base-1024x538-1.webp\" \/>\n<meta name=\"twitter:card\" content=\"summary_large_image\" \/>\n<meta name=\"twitter:site\" content=\"@ZenkitHQ\" \/>\n<script type=\"application\/ld+json\" class=\"yoast-schema-graph\">{\"@context\":\"https:\\\/\\\/schema.org\",\"@graph\":[{\"@type\":\"WebPage\",\"@id\":\"https:\\\/\\\/zenkit.com\\\/zh-hant\\\/%e6%96%b0%e8%81%9e%e7%b4%a0%e6%9d%90%e5%8c%85\\\/zenkit-launches-major-list-and-collaboration-updates-to-take-on-industry-leaders\\\/\",\"url\":\"https:\\\/\\\/zenkit.com\\\/zh-hant\\\/%e6%96%b0%e8%81%9e%e7%b4%a0%e6%9d%90%e5%8c%85\\\/zenkit-launches-major-list-and-collaboration-updates-to-take-on-industry-leaders\\\/\",\"name\":\"Zenkit Takes on Industry Leaders with List & Collaboration Updates | Zenkit\",\"isPartOf\":{\"@id\":\"https:\\\/\\\/zenkit.com\\\/zh-hant\\\/#website\"},\"primaryImageOfPage\":{\"@id\":\"https:\\\/\\\/zenkit.com\\\/zh-hant\\\/%e6%96%b0%e8%81%9e%e7%b4%a0%e6%9d%90%e5%8c%85\\\/zenkit-launches-major-list-and-collaboration-updates-to-take-on-industry-leaders\\\/#primaryimage\"},\"image\":{\"@id\":\"https:\\\/\\\/zenkit.com\\\/zh-hant\\\/%e6%96%b0%e8%81%9e%e7%b4%a0%e6%9d%90%e5%8c%85\\\/zenkit-launches-major-list-and-collaboration-updates-to-take-on-industry-leaders\\\/#primaryimage\"},\"thumbnailUrl\":\"https:\\\/\\\/zenkit.com\\\/wp-content\\\/uploads\\\/2025\\\/05\\\/base-1024x538-1.webp\",\"datePublished\":\"2018-07-07T00:43:46+00:00\",\"dateModified\":\"2025-09-08T12:19:59+00:00\",\"description\":\"With Zenkit, Axonic has successfully made a big step towards its overall aim of creating the first truly flexible project management platform.\",\"breadcrumb\":{\"@id\":\"https:\\\/\\\/zenkit.com\\\/zh-hant\\\/%e6%96%b0%e8%81%9e%e7%b4%a0%e6%9d%90%e5%8c%85\\\/zenkit-launches-major-list-and-collaboration-updates-to-take-on-industry-leaders\\\/#breadcrumb\"},\"inLanguage\":\"zh-TW\",\"potentialAction\":[{\"@type\":\"ReadAction\",\"target\":[\"https:\\\/\\\/zenkit.com\\\/zh-hant\\\/%e6%96%b0%e8%81%9e%e7%b4%a0%e6%9d%90%e5%8c%85\\\/zenkit-launches-major-list-and-collaboration-updates-to-take-on-industry-leaders\\\/\"]}]},{\"@type\":\"ImageObject\",\"inLanguage\":\"zh-TW\",\"@id\":\"https:\\\/\\\/zenkit.com\\\/zh-hant\\\/%e6%96%b0%e8%81%9e%e7%b4%a0%e6%9d%90%e5%8c%85\\\/zenkit-launches-major-list-and-collaboration-updates-to-take-on-industry-leaders\\\/#primaryimage\",\"url\":\"https:\\\/\\\/zenkit.com\\\/wp-content\\\/uploads\\\/2025\\\/05\\\/base-1024x538-1.webp\",\"contentUrl\":\"https:\\\/\\\/zenkit.com\\\/wp-content\\\/uploads\\\/2025\\\/05\\\/base-1024x538-1.webp\"},{\"@type\":\"BreadcrumbList\",\"@id\":\"https:\\\/\\\/zenkit.com\\\/zh-hant\\\/%e6%96%b0%e8%81%9e%e7%b4%a0%e6%9d%90%e5%8c%85\\\/zenkit-launches-major-list-and-collaboration-updates-to-take-on-industry-leaders\\\/#breadcrumb\",\"itemListElement\":[{\"@type\":\"ListItem\",\"position\":1,\"name\":\"Home\",\"item\":\"https:\\\/\\\/zenkit.com\\\/zh-hant\\\/\"},{\"@type\":\"ListItem\",\"position\":2,\"name\":\"Press Kit\",\"item\":\"https:\\\/\\\/zenkit.com\\\/zh-hant\\\/%e6%96%b0%e8%81%9e%e7%b4%a0%e6%9d%90%e5%8c%85\\\/\"},{\"@type\":\"ListItem\",\"position\":3,\"name\":\"Zenkit launches major list and collaboration updates to take on industry leaders\"}]},{\"@type\":\"WebSite\",\"@id\":\"https:\\\/\\\/zenkit.com\\\/zh-hant\\\/#website\",\"url\":\"https:\\\/\\\/zenkit.com\\\/zh-hant\\\/\",\"name\":\"Zenkit\",\"description\":\"Zenkit Tagline\",\"potentialAction\":[{\"@type\":\"SearchAction\",\"target\":{\"@type\":\"EntryPoint\",\"urlTemplate\":\"https:\\\/\\\/zenkit.com\\\/zh-hant\\\/?s={search_term_string}\"},\"query-input\":{\"@type\":\"PropertyValueSpecification\",\"valueRequired\":true,\"valueName\":\"search_term_string\"}}],\"inLanguage\":\"zh-TW\"},false]}<\/script>\n<!-- \/ Yoast SEO plugin. -->","yoast_head_json":{"title":"Zenkit Takes on Industry Leaders with List & Collaboration Updates | Zenkit","description":"With Zenkit, Axonic has successfully made a big step towards its overall aim of creating the first truly flexible project management platform.","robots":{"index":"index","follow":"follow","max-snippet":"max-snippet:-1","max-image-preview":"max-image-preview:large","max-video-preview":"max-video-preview:-1"},"canonical":"https:\/\/zenkit.com\/zh-hant\/%e6%96%b0%e8%81%9e%e7%b4%a0%e6%9d%90%e5%8c%85\/zenkit-launches-major-list-and-collaboration-updates-to-take-on-industry-leaders\/","og_locale":"zh_TW","og_type":"article","og_title":"Zenkit Takes on Industry Leaders with List & Collaboration Updates | Zenkit","og_description":"With Zenkit, Axonic has successfully made a big step towards its overall aim of creating the first truly flexible project management platform.","og_url":"https:\/\/zenkit.com\/zh-hant\/%e6%96%b0%e8%81%9e%e7%b4%a0%e6%9d%90%e5%8c%85\/zenkit-launches-major-list-and-collaboration-updates-to-take-on-industry-leaders\/","og_site_name":"Zenkit","article_publisher":"https:\/\/www.facebook.com\/ZenkitHQ","article_modified_time":"2025-09-08T12:19:59+00:00","og_image":[{"url":"https:\/\/zenkit.com\/wp-content\/uploads\/2025\/05\/base-1024x538-1.webp","type":"","width":"","height":""}],"twitter_card":"summary_large_image","twitter_site":"@ZenkitHQ","schema":{"@context":"https:\/\/schema.org","@graph":[{"@type":"WebPage","@id":"https:\/\/zenkit.com\/zh-hant\/%e6%96%b0%e8%81%9e%e7%b4%a0%e6%9d%90%e5%8c%85\/zenkit-launches-major-list-and-collaboration-updates-to-take-on-industry-leaders\/","url":"https:\/\/zenkit.com\/zh-hant\/%e6%96%b0%e8%81%9e%e7%b4%a0%e6%9d%90%e5%8c%85\/zenkit-launches-major-list-and-collaboration-updates-to-take-on-industry-leaders\/","name":"Zenkit Takes on Industry Leaders with List & Collaboration Updates | Zenkit","isPartOf":{"@id":"https:\/\/zenkit.com\/zh-hant\/#website"},"primaryImageOfPage":{"@id":"https:\/\/zenkit.com\/zh-hant\/%e6%96%b0%e8%81%9e%e7%b4%a0%e6%9d%90%e5%8c%85\/zenkit-launches-major-list-and-collaboration-updates-to-take-on-industry-leaders\/#primaryimage"},"image":{"@id":"https:\/\/zenkit.com\/zh-hant\/%e6%96%b0%e8%81%9e%e7%b4%a0%e6%9d%90%e5%8c%85\/zenkit-launches-major-list-and-collaboration-updates-to-take-on-industry-leaders\/#primaryimage"},"thumbnailUrl":"https:\/\/zenkit.com\/wp-content\/uploads\/2025\/05\/base-1024x538-1.webp","datePublished":"2018-07-07T00:43:46+00:00","dateModified":"2025-09-08T12:19:59+00:00","description":"With Zenkit, Axonic has successfully made a big step towards its overall aim of creating the first truly flexible project management platform.","breadcrumb":{"@id":"https:\/\/zenkit.com\/zh-hant\/%e6%96%b0%e8%81%9e%e7%b4%a0%e6%9d%90%e5%8c%85\/zenkit-launches-major-list-and-collaboration-updates-to-take-on-industry-leaders\/#breadcrumb"},"inLanguage":"zh-TW","potentialAction":[{"@type":"ReadAction","target":["https:\/\/zenkit.com\/zh-hant\/%e6%96%b0%e8%81%9e%e7%b4%a0%e6%9d%90%e5%8c%85\/zenkit-launches-major-list-and-collaboration-updates-to-take-on-industry-leaders\/"]}]},{"@type":"ImageObject","inLanguage":"zh-TW","@id":"https:\/\/zenkit.com\/zh-hant\/%e6%96%b0%e8%81%9e%e7%b4%a0%e6%9d%90%e5%8c%85\/zenkit-launches-major-list-and-collaboration-updates-to-take-on-industry-leaders\/#primaryimage","url":"https:\/\/zenkit.com\/wp-content\/uploads\/2025\/05\/base-1024x538-1.webp","contentUrl":"https:\/\/zenkit.com\/wp-content\/uploads\/2025\/05\/base-1024x538-1.webp"},{"@type":"BreadcrumbList","@id":"https:\/\/zenkit.com\/zh-hant\/%e6%96%b0%e8%81%9e%e7%b4%a0%e6%9d%90%e5%8c%85\/zenkit-launches-major-list-and-collaboration-updates-to-take-on-industry-leaders\/#breadcrumb","itemListElement":[{"@type":"ListItem","position":1,"name":"Home","item":"https:\/\/zenkit.com\/zh-hant\/"},{"@type":"ListItem","position":2,"name":"Press Kit","item":"https:\/\/zenkit.com\/zh-hant\/%e6%96%b0%e8%81%9e%e7%b4%a0%e6%9d%90%e5%8c%85\/"},{"@type":"ListItem","position":3,"name":"Zenkit launches major list and collaboration updates to take on industry leaders"}]},{"@type":"WebSite","@id":"https:\/\/zenkit.com\/zh-hant\/#website","url":"https:\/\/zenkit.com\/zh-hant\/","name":"Zenkit","description":"Zenkit Tagline","potentialAction":[{"@type":"SearchAction","target":{"@type":"EntryPoint","urlTemplate":"https:\/\/zenkit.com\/zh-hant\/?s={search_term_string}"},"query-input":{"@type":"PropertyValueSpecification","valueRequired":true,"valueName":"search_term_string"}}],"inLanguage":"zh-TW"},false]}},"yasr_visitor_votes":{"stars_attributes":{"read_only":false,"span_bottom":false},"number_of_votes":0,"sum_votes":0},"_links":{"self":[{"href":"https:\/\/zenkit.com\/zh-hant\/wp-json\/wp\/v2\/pages\/73022","targetHints":{"allow":["GET"]}}],"collection":[{"href":"https:\/\/zenkit.com\/zh-hant\/wp-json\/wp\/v2\/pages"}],"about":[{"href":"https:\/\/zenkit.com\/zh-hant\/wp-json\/wp\/v2\/types\/page"}],"author":[{"embeddable":true,"href":"https:\/\/zenkit.com\/zh-hant\/wp-json\/wp\/v2\/users\/30"}],"replies":[{"embeddable":true,"href":"https:\/\/zenkit.com\/zh-hant\/wp-json\/wp\/v2\/comments?post=73022"}],"version-history":[{"count":1,"href":"https:\/\/zenkit.com\/zh-hant\/wp-json\/wp\/v2\/pages\/73022\/revisions"}],"predecessor-version":[{"id":138756,"href":"https:\/\/zenkit.com\/zh-hant\/wp-json\/wp\/v2\/pages\/73022\/revisions\/138756"}],"up":[{"embeddable":true,"href":"https:\/\/zenkit.com\/zh-hant\/wp-json\/wp\/v2\/pages\/61680"}],"wp:attachment":[{"href":"https:\/\/zenkit.com\/zh-hant\/wp-json\/wp\/v2\/media?parent=73022"}],"curies":[{"name":"wp","href":"https:\/\/api.w.org\/{rel}","templated":true}]}}